{"id":5070,"date":"2025-01-27T13:58:58","date_gmt":"2025-01-27T13:58:58","guid":{"rendered":"https:\/\/gestiondidactica.cl\/catalogo\/?post_type=product&#038;p=5070"},"modified":"2025-01-27T13:59:05","modified_gmt":"2025-01-27T13:59:05","slug":"metodologia-en-aprendizaje-basado-en-proyectos-abp","status":"publish","type":"product","link":"https:\/\/grupogestiondidactica.cl\/catalogo\/producto\/metodologia-en-aprendizaje-basado-en-proyectos-abp\/","title":{"rendered":"Metodolog\u00eda en Aprendizaje Basado en Proyectos \u00abABP\u00bb"},"content":{"rendered":"<div style=\"width: 1920px;\" class=\"wp-video\"><!--[if lt IE 9]><script>document.createElement('video');<\/script><![endif]-->\n<video class=\"wp-video-shortcode\" id=\"video-5070-1\" width=\"1920\" height=\"1080\" preload=\"metadata\" controls=\"controls\"><source type=\"video\/mp4\" src=\"https:\/\/gestiondidactica.cl\/capsulas\/wp-content\/uploads\/2024\/07\/abp.mp4?_=1\" \/><a href=\"https:\/\/gestiondidactica.cl\/capsulas\/wp-content\/uploads\/2024\/07\/abp.mp4\">https:\/\/gestiondidactica.cl\/capsulas\/wp-content\/uploads\/2024\/07\/abp.mp4<\/a><\/video><\/div>\n<h3>Objetivos Espec\u00edficos<\/h3>\n<ul>\n<li>Analizar los alcances del Aprendizaje Basado en Proyectos y elementos esenciales para su implementaci\u00f3n.<\/li>\n<li>Apropiar de estrategias de planificaci\u00f3n de un ABP de calidad en para una gesti\u00f3n pedag\u00f3gica efectiva a trav\u00e9s de conocimientos y habilidades de varias \u00e1reas del curr\u00edculo, a trav\u00e9s de proyectos m\u00e1s complejos, unidisciplinarias y multidisciplinares.<\/li>\n<li>Facilitar el aprendizaje significativo y trabajo aut\u00f3nomo problemas poco estructurados que necesitan investigaci\u00f3n a trav\u00e9s de procedimientos organizacionales de los hitos de un ABP.<\/li>\n<li>Gestionar estrategias que favorezcan la autonom\u00eda, la investigaci\u00f3n y la capacidad para trabajar en equipos, en contextos escolares, en base a la cobertura curricular y las etapas o hitos de las experiencias de aprendizaje de los estudiantes.<\/li>\n<li>Desarrollar la capacidad de autoevaluaci\u00f3n y autocr\u00edtica, frente a su trabajo y el de los dem\u00e1s, tratando de que vean m\u00e1s all\u00e1 de sus propias ideas y conocimientos.<\/li>\n<\/ul>\n<h3>Destinatarios<\/h3>\n<ul>\n<li>\u00a0Equipos de docentes y de aula.<\/li>\n<li>\u00a0Equipos de Programa de Integraci\u00f3n Escolar.<\/li>\n<li>\u00a0Equipos T\u00e9cnicos \u2013 Directivos Equipos de asistente de la Educaci\u00f3n con un rol pedag\u00f3gico<\/li>\n<\/ul>\n","protected":false},"excerpt":{"rendered":"<h3>Objetivo General<\/h3>\n<ul>\n<li>\u00a0Entregar herramientas a equipos t\u00e9cnicos y pedag\u00f3gicos para la implementaci\u00f3n de Aprendizaje Basado en Proyectos que responda a la generaci\u00f3n de aprendizaje significativo y aprendizaje profundo en articulaci\u00f3n a las Bases Curriculares.<\/li>\n<\/ul>\n","protected":false},"featured_media":5100,"comment_status":"closed","ping_status":"closed","template":"","meta":[],"product_brand":[],"product_cat":[39,40,38],"product_tag":[],"class_list":{"0":"post-5070","1":"product","2":"type-product","3":"status-publish","4":"has-post-thumbnail","6":"product_cat-e-learning","7":"product_cat-online","8":"product_cat-programa","10":"first","11":"instock","12":"sale","13":"taxable","14":"shipping-taxable","15":"purchasable","16":"product-type-simple"},"jetpack_sharing_enabled":true,"_links":{"self":[{"href":"https:\/\/grupogestiondidactica.cl\/catalogo\/wp-json\/wp\/v2\/product\/5070","targetHints":{"allow":["GET"]}}],"collection":[{"href":"https:\/\/grupogestiondidactica.cl\/catalogo\/wp-json\/wp\/v2\/product"}],"about":[{"href":"https:\/\/grupogestiondidactica.cl\/catalogo\/wp-json\/wp\/v2\/types\/product"}],"replies":[{"embeddable":true,"href":"https:\/\/grupogestiondidactica.cl\/catalogo\/wp-json\/wp\/v2\/comments?post=5070"}],"wp:featuredmedia":[{"embeddable":true,"href":"https:\/\/grupogestiondidactica.cl\/catalogo\/wp-json\/wp\/v2\/media\/5100"}],"wp:attachment":[{"href":"https:\/\/grupogestiondidactica.cl\/catalogo\/wp-json\/wp\/v2\/media?parent=5070"}],"wp:term":[{"taxonomy":"product_brand","embeddable":true,"href":"https:\/\/grupogestiondidactica.cl\/catalogo\/wp-json\/wp\/v2\/product_brand?post=5070"},{"taxonomy":"product_cat","embeddable":true,"href":"https:\/\/grupogestiondidactica.cl\/catalogo\/wp-json\/wp\/v2\/product_cat?post=5070"},{"taxonomy":"product_tag","embeddable":true,"href":"https:\/\/grupogestiondidactica.cl\/catalogo\/wp-json\/wp\/v2\/product_tag?post=5070"}],"curies":[{"name":"wp","href":"https:\/\/api.w.org\/{rel}","templated":true}]}}