{"id":5071,"date":"2025-01-27T13:58:58","date_gmt":"2025-01-27T13:58:58","guid":{"rendered":"https:\/\/gestiondidactica.cl\/catalogo\/?post_type=product&#038;p=5071"},"modified":"2025-01-27T13:59:07","modified_gmt":"2025-01-27T13:59:07","slug":"plan-de-formacion-integral-convivencia-escolar","status":"publish","type":"product","link":"https:\/\/grupogestiondidactica.cl\/catalogo\/producto\/plan-de-formacion-integral-convivencia-escolar\/","title":{"rendered":"Plan de Formaci\u00f3n Integral: Convivencia Escolar"},"content":{"rendered":"<p><iframe title=\"Plan de Formaci\u00f3n Integral en Convivencia Escolar\" width=\"500\" height=\"281\" src=\"https:\/\/www.youtube.com\/embed\/KryUlnHHOxo?feature=oembed\" frameborder=\"0\" allow=\"accelerometer; autoplay; clipboard-write; encrypted-media; gyroscope; picture-in-picture; web-share\" referrerpolicy=\"strict-origin-when-cross-origin\" allowfullscreen><\/iframe><\/p>\n<h3>Objetivos espec\u00edficos<\/h3>\n<ul>\n<li>Caracterizaci\u00f3n y an\u00e1lisis de la normativa actual en Convivencia Escolar y su impacto en las comunidades escolares en articulaci\u00f3n con el PEI.<\/li>\n<li>Apropiar de estrategias para una Gesti\u00f3n de la convivencia escolar en calidad y la reflexi\u00f3n colaborativa como estrategias de formaci\u00f3n integral.<\/li>\n<li>Implementar y articular instrumentos de gesti\u00f3n escolar con la Convivencia Escolar para una mirada estrat\u00e9gica para su gesti\u00f3n.<\/li>\n<li>Entregar estrategias de formaci\u00f3n integral de equipos pedag\u00f3gicos a partir de elementos instrumentos de gesti\u00f3n institucional de la convivencia escolar.<\/li>\n<\/ul>\n<h3><strong>Destinatarios<\/strong><\/h3>\n<ul>\n<li>Equipos de docentes y asistentes de aula.<\/li>\n<li>Equipos de Convivencia Escolar y de Gesti\u00f3n Escolar.<\/li>\n<li>Equipos T\u00e9cnicos \u2013 Directivos.<\/li>\n<li>Equipos de asistente de la Educaci\u00f3n con un rol pedag\u00f3gico.<\/li>\n<\/ul>\n","protected":false},"excerpt":{"rendered":"<h3>OBJETIVO GENERAL<\/h3>\n<ul>\n<li>Fortalece espacios en la convivencia escolar y de formaci\u00f3n integral en articulaci\u00f3n con los instrumentos de gesti\u00f3n y su implementaci\u00f3n en contextos escolares.<\/li>\n<\/ul>\n","protected":false},"featured_media":5101,"comment_status":"closed","ping_status":"closed","template":"","meta":[],"product_brand":[],"product_cat":[41],"product_tag":[],"class_list":{"0":"post-5071","1":"product","2":"type-product","3":"status-publish","4":"has-post-thumbnail","6":"product_cat-planes-de-formacion-integral","8":"first","9":"instock","10":"sale","11":"taxable","12":"shipping-taxable","13":"purchasable","14":"product-type-simple"},"jetpack_sharing_enabled":true,"_links":{"self":[{"href":"https:\/\/grupogestiondidactica.cl\/catalogo\/wp-json\/wp\/v2\/product\/5071","targetHints":{"allow":["GET"]}}],"collection":[{"href":"https:\/\/grupogestiondidactica.cl\/catalogo\/wp-json\/wp\/v2\/product"}],"about":[{"href":"https:\/\/grupogestiondidactica.cl\/catalogo\/wp-json\/wp\/v2\/types\/product"}],"replies":[{"embeddable":true,"href":"https:\/\/grupogestiondidactica.cl\/catalogo\/wp-json\/wp\/v2\/comments?post=5071"}],"wp:featuredmedia":[{"embeddable":true,"href":"https:\/\/grupogestiondidactica.cl\/catalogo\/wp-json\/wp\/v2\/media\/5101"}],"wp:attachment":[{"href":"https:\/\/grupogestiondidactica.cl\/catalogo\/wp-json\/wp\/v2\/media?parent=5071"}],"wp:term":[{"taxonomy":"product_brand","embeddable":true,"href":"https:\/\/grupogestiondidactica.cl\/catalogo\/wp-json\/wp\/v2\/product_brand?post=5071"},{"taxonomy":"product_cat","embeddable":true,"href":"https:\/\/grupogestiondidactica.cl\/catalogo\/wp-json\/wp\/v2\/product_cat?post=5071"},{"taxonomy":"product_tag","embeddable":true,"href":"https:\/\/grupogestiondidactica.cl\/catalogo\/wp-json\/wp\/v2\/product_tag?post=5071"}],"curies":[{"name":"wp","href":"https:\/\/api.w.org\/{rel}","templated":true}]}}