{"id":5072,"date":"2025-01-27T13:58:58","date_gmt":"2025-01-27T13:58:58","guid":{"rendered":"https:\/\/gestiondidactica.cl\/catalogo\/?post_type=product&#038;p=5072"},"modified":"2025-01-27T13:59:09","modified_gmt":"2025-01-27T13:59:09","slug":"plan-de-formacion-integral-educacion-parvularia-epa","status":"publish","type":"product","link":"https:\/\/grupogestiondidactica.cl\/catalogo\/producto\/plan-de-formacion-integral-educacion-parvularia-epa\/","title":{"rendered":"Plan de Formaci\u00f3n Integral: Educaci\u00f3n Parvularia (EPA)"},"content":{"rendered":"<p><iframe title=\"Plan de Formaci\u00f3n Integral en Educaci\u00f3n Parvularia\" width=\"500\" height=\"281\" src=\"https:\/\/www.youtube.com\/embed\/B-hZ25P7a3A?feature=oembed\" frameborder=\"0\" allow=\"accelerometer; autoplay; clipboard-write; encrypted-media; gyroscope; picture-in-picture; web-share\" referrerpolicy=\"strict-origin-when-cross-origin\" allowfullscreen><\/iframe><\/p>\n<div class=\"content\">\n<div class=\"inner\">\n<h3>Objetivos Espec\u00edficos<\/h3>\n<ul>\n<li>Generar instancias de monitoreo de la implementaci\u00f3n de las Bases Curriculares en Educaci\u00f3n Parvularia a la luz de aprendizajes de calidad.<\/li>\n<li>Reflexionar en torno a las Bases Curriculares de Educaci\u00f3n Parvularia como instancia de gesti\u00f3n del aprendizaje para el desarrollo de competencias integrales en edades tempranas.<\/li>\n<li>Apropiar los docentes de herramientas de gesti\u00f3n curricular: an\u00e1lisis y organizaci\u00f3n de las Bases Curriculares en Educaci\u00f3n Parvularia y articulaci\u00f3n con estrategias de ense\u00f1anza b\u00e1sica, pertinentes a un aprendizaje inclusivo en edades tempranas.<\/li>\n<li>Adecuar herramientas a las pr\u00e1cticas docentes para el dise\u00f1o de clases progresivas en articulaci\u00f3n a las Bases Curriculares de Educaci\u00f3n Parvularia para generar trayectorias de aprendizaje de acuerdo a las necesidades de todos los estudiantes de edades tempranas.<\/li>\n<\/ul>\n<h3>Destinatarios<\/h3>\n<ul>\n<li>Equipos t\u00e9cnicos pedag\u00f3gicos.<\/li>\n<li>Profesores.<\/li>\n<li>Docentes.<\/li>\n<li>Educadores de p\u00e1rvulos.<\/li>\n<li>Profesionales de apoyo al Programa de Integraci\u00f3n Escolar.<\/li>\n<li>Asistentes de la educaci\u00f3n que acompa\u00f1an el proceso pedag\u00f3gico.<\/li>\n<\/ul>\n<\/div>\n<\/div>\n","protected":false},"excerpt":{"rendered":"<h3>Objetivo General<\/h3>\n<ul>\n<li>\u00a0Apropiar a educadoras y co-docentes de educaci\u00f3n preescolar en las Bases Curriculares de Educaci\u00f3n Parvularia y su implementaci\u00f3n en un contexto inclusivo y de calidad a trav\u00e9s de la innovaci\u00f3n de experiencias de aprendizaje integrales que formen el saber ser, saber convivir, saber conocer y saber hacer en edades tempranas.<\/li>\n<\/ul>\n","protected":false},"featured_media":5102,"comment_status":"closed","ping_status":"closed","template":"","meta":[],"product_brand":[],"product_cat":[41],"product_tag":[],"class_list":{"0":"post-5072","1":"product","2":"type-product","3":"status-publish","4":"has-post-thumbnail","6":"product_cat-planes-de-formacion-integral","8":"first","9":"instock","10":"sale","11":"taxable","12":"shipping-taxable","13":"purchasable","14":"product-type-simple"},"jetpack_sharing_enabled":true,"_links":{"self":[{"href":"https:\/\/grupogestiondidactica.cl\/catalogo\/wp-json\/wp\/v2\/product\/5072","targetHints":{"allow":["GET"]}}],"collection":[{"href":"https:\/\/grupogestiondidactica.cl\/catalogo\/wp-json\/wp\/v2\/product"}],"about":[{"href":"https:\/\/grupogestiondidactica.cl\/catalogo\/wp-json\/wp\/v2\/types\/product"}],"replies":[{"embeddable":true,"href":"https:\/\/grupogestiondidactica.cl\/catalogo\/wp-json\/wp\/v2\/comments?post=5072"}],"wp:featuredmedia":[{"embeddable":true,"href":"https:\/\/grupogestiondidactica.cl\/catalogo\/wp-json\/wp\/v2\/media\/5102"}],"wp:attachment":[{"href":"https:\/\/grupogestiondidactica.cl\/catalogo\/wp-json\/wp\/v2\/media?parent=5072"}],"wp:term":[{"taxonomy":"product_brand","embeddable":true,"href":"https:\/\/grupogestiondidactica.cl\/catalogo\/wp-json\/wp\/v2\/product_brand?post=5072"},{"taxonomy":"product_cat","embeddable":true,"href":"https:\/\/grupogestiondidactica.cl\/catalogo\/wp-json\/wp\/v2\/product_cat?post=5072"},{"taxonomy":"product_tag","embeddable":true,"href":"https:\/\/grupogestiondidactica.cl\/catalogo\/wp-json\/wp\/v2\/product_tag?post=5072"}],"curies":[{"name":"wp","href":"https:\/\/api.w.org\/{rel}","templated":true}]}}