{"id":5073,"date":"2025-01-27T13:58:58","date_gmt":"2025-01-27T13:58:58","guid":{"rendered":"https:\/\/gestiondidactica.cl\/catalogo\/?post_type=product&#038;p=5073"},"modified":"2025-01-27T13:59:11","modified_gmt":"2025-01-27T13:59:11","slug":"plan-de-formacion-integral-recuperacion-de-los-aprendizajes","status":"publish","type":"product","link":"https:\/\/grupogestiondidactica.cl\/catalogo\/producto\/plan-de-formacion-integral-recuperacion-de-los-aprendizajes\/","title":{"rendered":"Plan de Formaci\u00f3n Integral: Recuperaci\u00f3n de los Aprendizajes"},"content":{"rendered":"<p><iframe title=\"Plan de Formaci\u00f3n Integral: Recuperaci\u00f3n de los Aprendizajes\" width=\"500\" height=\"281\" src=\"https:\/\/www.youtube.com\/embed\/lx86WaLvNUY?feature=oembed\" frameborder=\"0\" allow=\"accelerometer; autoplay; clipboard-write; encrypted-media; gyroscope; picture-in-picture; web-share\" referrerpolicy=\"strict-origin-when-cross-origin\" allowfullscreen><\/iframe><\/p>\n<h3>Objetivos espec\u00edficos<\/h3>\n<ul>\n<li>Analizar los diferentes tipos de memoria y c\u00f3mo estos inciden en el aprendizaje a largo plazo.<\/li>\n<li>Profundizar en las funciones ejecutivas y las diversas funciones que desempe\u00f1an en relaci\u00f3n con la organizaci\u00f3n, gesti\u00f3n y<br \/>\nconclusi\u00f3n de diferentes labores en el aula.<\/li>\n<li>Conocer la importancia de los entornos de aprendizaje y de vida de los estudiantes, entendiendo la importancia para el organismo de higiene del sue\u00f1o y de espacios protegidos.<\/li>\n<li>Comprender la importancia de la distribuci\u00f3n de la carga de trabajo y de tiempo, para atender a los tiempos atencionales.<\/li>\n<li>Facilitar estrategias y t\u00e9cnicas para la toma de apuntes y las diversas formas de aprender y de estudiar, seg\u00fan las motivaciones y caracter\u00edsticas de cada persona.<\/li>\n<li>Analizar el quehacer docente sobre la estructuraci\u00f3n de espacios de aprendizaje que propicien en los y las estudiantes motivaci\u00f3n y organizaci\u00f3n de los aprendizajes.<\/li>\n<li>Articular mediante la colaboraci\u00f3n docente, aquellas acciones que valoren las necesidades y que fomenten el aprendizaje<br \/>\ny la participaci\u00f3n, desde un enfoque coordinado y estructurado, para evitar estresores en el aprendizaje.<\/li>\n<\/ul>\n<h3>DESTINATARIOS<\/h3>\n<ul>\n<li>Equipos t\u00e9cnicos directivos y Equipos docentes.<\/li>\n<li>Equipos de Integraci\u00f3n y asistentes de la educaci\u00f3n.<\/li>\n<li>Para todos aquellos quienes quieras participar y ser m\u00e1s felices.<\/li>\n<\/ul>\n","protected":false},"excerpt":{"rendered":"<h3>Objetivo general<\/h3>\n<ul>\n<li>Fortalecer estrategias de h\u00e1bitos de estudios para estudiantes, a trav\u00e9s de procedimientos y pr\u00e1cticas diversificadas, colaborativas e integrales, de acuerdo con los hitos de desarrollo cognitivo para el desarrollo de la Motivaci\u00f3n Escolar.<\/li>\n<\/ul>\n","protected":false},"featured_media":5103,"comment_status":"closed","ping_status":"closed","template":"","meta":[],"product_brand":[],"product_cat":[41],"product_tag":[],"class_list":{"0":"post-5073","1":"product","2":"type-product","3":"status-publish","4":"has-post-thumbnail","6":"product_cat-planes-de-formacion-integral","8":"first","9":"instock","10":"sale","11":"taxable","12":"shipping-taxable","13":"purchasable","14":"product-type-simple"},"jetpack_sharing_enabled":true,"_links":{"self":[{"href":"https:\/\/grupogestiondidactica.cl\/catalogo\/wp-json\/wp\/v2\/product\/5073","targetHints":{"allow":["GET"]}}],"collection":[{"href":"https:\/\/grupogestiondidactica.cl\/catalogo\/wp-json\/wp\/v2\/product"}],"about":[{"href":"https:\/\/grupogestiondidactica.cl\/catalogo\/wp-json\/wp\/v2\/types\/product"}],"replies":[{"embeddable":true,"href":"https:\/\/grupogestiondidactica.cl\/catalogo\/wp-json\/wp\/v2\/comments?post=5073"}],"wp:featuredmedia":[{"embeddable":true,"href":"https:\/\/grupogestiondidactica.cl\/catalogo\/wp-json\/wp\/v2\/media\/5103"}],"wp:attachment":[{"href":"https:\/\/grupogestiondidactica.cl\/catalogo\/wp-json\/wp\/v2\/media?parent=5073"}],"wp:term":[{"taxonomy":"product_brand","embeddable":true,"href":"https:\/\/grupogestiondidactica.cl\/catalogo\/wp-json\/wp\/v2\/product_brand?post=5073"},{"taxonomy":"product_cat","embeddable":true,"href":"https:\/\/grupogestiondidactica.cl\/catalogo\/wp-json\/wp\/v2\/product_cat?post=5073"},{"taxonomy":"product_tag","embeddable":true,"href":"https:\/\/grupogestiondidactica.cl\/catalogo\/wp-json\/wp\/v2\/product_tag?post=5073"}],"curies":[{"name":"wp","href":"https:\/\/api.w.org\/{rel}","templated":true}]}}