{"id":5074,"date":"2025-01-27T13:58:59","date_gmt":"2025-01-27T13:58:59","guid":{"rendered":"https:\/\/gestiondidactica.cl\/catalogo\/?post_type=product&#038;p=5074"},"modified":"2025-01-27T13:59:14","modified_gmt":"2025-01-27T13:59:14","slug":"decreto-67","status":"publish","type":"product","link":"https:\/\/grupogestiondidactica.cl\/catalogo\/producto\/decreto-67\/","title":{"rendered":"Decreto-67"},"content":{"rendered":"<section><\/section>\n<div style=\"width: 1920px;\" class=\"wp-video\"><!--[if lt IE 9]><script>document.createElement('video');<\/script><![endif]-->\n<video class=\"wp-video-shortcode\" id=\"video-5074-1\" width=\"1920\" height=\"1080\" preload=\"metadata\" controls=\"controls\"><source type=\"video\/mp4\" src=\"https:\/\/gestiondidactica.cl\/capsulas\/wp-content\/uploads\/2024\/07\/Decreto-N67.mp4?_=1\" \/><a href=\"https:\/\/gestiondidactica.cl\/capsulas\/wp-content\/uploads\/2024\/07\/Decreto-N67.mp4\">https:\/\/gestiondidactica.cl\/capsulas\/wp-content\/uploads\/2024\/07\/Decreto-N67.mp4<\/a><\/video><\/div>\n<section>\n<h3>Objetivos Espec\u00edficos<\/h3>\n<ul>\n<li>Caracterizar los componentes estructurales del Decreto 67\/2018 en el marco de un modelo pedag\u00f3gico inclusivo.<\/li>\n<li>Articular las Bases Curriculares con el enfoque evaluativo del Decreto 67\/2018 para el dise\u00f1o de evaluaciones aut\u00e9nticas.<\/li>\n<li>Adecuar y relacionar herramientas a las pr\u00e1cticas docentes para el dise\u00f1o de evaluaciones inclusivas considerando las trayectorias de aprendizaje de todos los estudiantes en funci\u00f3n de metas de aprendizaje.<\/li>\n<li>Dise\u00f1ar e implementar instrumentos de evaluaci\u00f3n formativa y sumativa como parte integral de una evaluaci\u00f3n para los aprendizajes de acuerdo al principio de toma decisiones pedag\u00f3gicas.<\/li>\n<li>Formular estrategias colectivas de reflexi\u00f3n pedag\u00f3gica en concordancia con un modelo inclusivo de aprendizaje de acuerdo a lo establecido en el Decreto 67\/2018.<\/li>\n<li>Innovar en el Reglamento de Evaluaci\u00f3n Institucional para la mejora continua de los aprendizajes a trav\u00e9s del establecimiento.<\/li>\n<\/ul>\n<\/section>\n<section>\n<h3>Destinatarios<\/h3>\n<ul>\n<li>Equipos t\u00e9cnicos pedag\u00f3gicos.<\/li>\n<li>Profesores.<\/li>\n<li>Docentes.<\/li>\n<li>Educadores de p\u00e1rvulos.<\/li>\n<li>Profesionales de apoyo al Programa de Integraci\u00f3n Escolar.<\/li>\n<li>Asistentes de la educaci\u00f3n que acompa\u00f1an el proceso pedag\u00f3gico.<\/li>\n<\/ul>\n<\/section>\n<section>\n<div class=\"features\"><\/div>\n<\/section>\n","protected":false},"excerpt":{"rendered":"<section>\n<h3>Objetivo General<\/h3>\n<\/section>\n<ul>\n<li>Apropiar a los equipos pedag\u00f3gicos en la implementaci\u00f3n del Decreto 67\/2018 de Evaluaci\u00f3n, Calificaci\u00f3n y Promoci\u00f3n Escolar que aporten a la innovaci\u00f3n de estrategias evaluativas en el contexto de ambientes de aprendizajes inclusivos.<\/li>\n<\/ul>\n","protected":false},"featured_media":5104,"comment_status":"closed","ping_status":"closed","template":"","meta":[],"product_brand":[],"product_cat":[39,40,42,38],"product_tag":[],"class_list":{"0":"post-5074","1":"product","2":"type-product","3":"status-publish","4":"has-post-thumbnail","6":"product_cat-e-learning","7":"product_cat-online","8":"product_cat-presencial","9":"product_cat-programa","11":"first","12":"instock","13":"sale","14":"taxable","15":"shipping-taxable","16":"purchasable","17":"product-type-simple"},"jetpack_sharing_enabled":true,"_links":{"self":[{"href":"https:\/\/grupogestiondidactica.cl\/catalogo\/wp-json\/wp\/v2\/product\/5074","targetHints":{"allow":["GET"]}}],"collection":[{"href":"https:\/\/grupogestiondidactica.cl\/catalogo\/wp-json\/wp\/v2\/product"}],"about":[{"href":"https:\/\/grupogestiondidactica.cl\/catalogo\/wp-json\/wp\/v2\/types\/product"}],"replies":[{"embeddable":true,"href":"https:\/\/grupogestiondidactica.cl\/catalogo\/wp-json\/wp\/v2\/comments?post=5074"}],"wp:featuredmedia":[{"embeddable":true,"href":"https:\/\/grupogestiondidactica.cl\/catalogo\/wp-json\/wp\/v2\/media\/5104"}],"wp:attachment":[{"href":"https:\/\/grupogestiondidactica.cl\/catalogo\/wp-json\/wp\/v2\/media?parent=5074"}],"wp:term":[{"taxonomy":"product_brand","embeddable":true,"href":"https:\/\/grupogestiondidactica.cl\/catalogo\/wp-json\/wp\/v2\/product_brand?post=5074"},{"taxonomy":"product_cat","embeddable":true,"href":"https:\/\/grupogestiondidactica.cl\/catalogo\/wp-json\/wp\/v2\/product_cat?post=5074"},{"taxonomy":"product_tag","embeddable":true,"href":"https:\/\/grupogestiondidactica.cl\/catalogo\/wp-json\/wp\/v2\/product_tag?post=5074"}],"curies":[{"name":"wp","href":"https:\/\/api.w.org\/{rel}","templated":true}]}}