{"id":5075,"date":"2025-01-27T13:58:59","date_gmt":"2025-01-27T13:58:59","guid":{"rendered":"https:\/\/gestiondidactica.cl\/catalogo\/?post_type=product&#038;p=5075"},"modified":"2025-01-27T13:59:17","modified_gmt":"2025-01-27T13:59:17","slug":"1-ciclo-1-a-4-basico-estrategias-copisi","status":"publish","type":"product","link":"https:\/\/grupogestiondidactica.cl\/catalogo\/producto\/1-ciclo-1-a-4-basico-estrategias-copisi\/","title":{"rendered":"1\u00b0 Ciclo (1\u00b0 a 4\u00b0 B\u00e1sico) Estrategias COPISI"},"content":{"rendered":"<div style=\"width: 1920px;\" class=\"wp-video\"><!--[if lt IE 9]><script>document.createElement('video');<\/script><![endif]-->\n<video class=\"wp-video-shortcode\" id=\"video-5075-1\" width=\"1920\" height=\"1080\" preload=\"metadata\" controls=\"controls\"><source type=\"video\/mp4\" src=\"https:\/\/gestiondidactica.cl\/capsulas\/wp-content\/uploads\/2024\/07\/COPISI-1er-Ciclo.mp4?_=1\" \/><a href=\"https:\/\/gestiondidactica.cl\/capsulas\/wp-content\/uploads\/2024\/07\/COPISI-1er-Ciclo.mp4\">https:\/\/gestiondidactica.cl\/capsulas\/wp-content\/uploads\/2024\/07\/COPISI-1er-Ciclo.mp4<\/a><\/video><\/div>\n<h3><strong>Objetivos Espec\u00edficos<\/strong><\/h3>\n<ul>\n<li style=\"text-align: left;\">Modelar clases de matem\u00e1ticas de acuerdo a los tres planos cognitivos: Concreto, Pict\u00f3rico y Simb\u00f3lico para su implementaci\u00f3n con los estudiantes.<\/li>\n<li style=\"text-align: left;\">Entregar herramientas para el trabajo efectivo con diversos materiales manipulativos para implementar la fase cognitiva concreta con los estudiantes.<\/li>\n<li style=\"text-align: left;\">Relacionar las fases pict\u00f3rica y simb\u00f3lica con la fase concreta para desarrollar conceptos matem\u00e1ticos, contenidos y habilidades de la asignatura.<\/li>\n<li style=\"text-align: left;\">Dise\u00f1ar estrategias de ense\u00f1anza de las matem\u00e1ticas en funci\u00f3n de las habilidades de la asignatura consignadas en las Bases Curriculares.<\/li>\n<li style=\"text-align: left;\">Implementar una planificaci\u00f3n de clases que responda a un modelo de ense\u00f1anza en espiral configurado a partir de un aprendizaje en progresi\u00f3n.<\/li>\n<li style=\"text-align: left;\">Construir instrumentos de evaluaci\u00f3n y retroalimentaci\u00f3n de acuerdo a la metodolog\u00eda COPISI y el proceso de aprendizaje de los estudiantes.<\/li>\n<li style=\"text-align: left;\">Colaborar con la reflexi\u00f3n docente para los aprendizajes en funci\u00f3n de competencias matem\u00e1ticas de los estudiantes.<\/li>\n<\/ul>\n<h3>Destinatarios<\/h3>\n<ul>\n<li>Profesores de ense\u00f1anza general b\u00e1sica.<\/li>\n<li>Profesores de ense\u00f1anza b\u00e1sica con menci\u00f3n en matem\u00e1ticas.<\/li>\n<li>Educadores Diferenciales.<\/li>\n<li>Psicopedagogos.<\/li>\n<li>Educadoras de p\u00e1rvulo nivel NT1 y NT2.<\/li>\n<li>Jefes de Unidad T\u00e9cnico Pedag\u00f3gica<\/li>\n<\/ul>\n","protected":false},"excerpt":{"rendered":"<h3><strong>Objetivo General<\/strong><\/h3>\n<ul>\n<li>Entregar herramientas para el dise\u00f1o de clases en la asignatura de matem\u00e1ticas de acuerdo a la metodolog\u00eda Concreta, Pict\u00f3rica y Simb\u00f3lica para el desarrollo de los tres planos cognitivos que favorezca la implicaci\u00f3n a trav\u00e9s de los distintos tipos de aprendizaje.<\/li>\n<\/ul>\n","protected":false},"featured_media":5105,"comment_status":"closed","ping_status":"closed","template":"","meta":[],"product_brand":[],"product_cat":[39,40],"product_tag":[],"class_list":{"0":"post-5075","1":"product","2":"type-product","3":"status-publish","4":"has-post-thumbnail","6":"product_cat-e-learning","7":"product_cat-online","9":"first","10":"instock","11":"sale","12":"taxable","13":"shipping-taxable","14":"purchasable","15":"product-type-simple"},"jetpack_sharing_enabled":true,"_links":{"self":[{"href":"https:\/\/grupogestiondidactica.cl\/catalogo\/wp-json\/wp\/v2\/product\/5075","targetHints":{"allow":["GET"]}}],"collection":[{"href":"https:\/\/grupogestiondidactica.cl\/catalogo\/wp-json\/wp\/v2\/product"}],"about":[{"href":"https:\/\/grupogestiondidactica.cl\/catalogo\/wp-json\/wp\/v2\/types\/product"}],"replies":[{"embeddable":true,"href":"https:\/\/grupogestiondidactica.cl\/catalogo\/wp-json\/wp\/v2\/comments?post=5075"}],"wp:featuredmedia":[{"embeddable":true,"href":"https:\/\/grupogestiondidactica.cl\/catalogo\/wp-json\/wp\/v2\/media\/5105"}],"wp:attachment":[{"href":"https:\/\/grupogestiondidactica.cl\/catalogo\/wp-json\/wp\/v2\/media?parent=5075"}],"wp:term":[{"taxonomy":"product_brand","embeddable":true,"href":"https:\/\/grupogestiondidactica.cl\/catalogo\/wp-json\/wp\/v2\/product_brand?post=5075"},{"taxonomy":"product_cat","embeddable":true,"href":"https:\/\/grupogestiondidactica.cl\/catalogo\/wp-json\/wp\/v2\/product_cat?post=5075"},{"taxonomy":"product_tag","embeddable":true,"href":"https:\/\/grupogestiondidactica.cl\/catalogo\/wp-json\/wp\/v2\/product_tag?post=5075"}],"curies":[{"name":"wp","href":"https:\/\/api.w.org\/{rel}","templated":true}]}}