{"id":5076,"date":"2025-01-27T13:58:59","date_gmt":"2025-01-27T13:58:59","guid":{"rendered":"https:\/\/gestiondidactica.cl\/catalogo\/?post_type=product&#038;p=5076"},"modified":"2025-01-27T13:59:19","modified_gmt":"2025-01-27T13:59:19","slug":"liderazgo-pedagogico-y-gestion-del-cambio-escolar","status":"publish","type":"product","link":"https:\/\/grupogestiondidactica.cl\/catalogo\/producto\/liderazgo-pedagogico-y-gestion-del-cambio-escolar\/","title":{"rendered":"Liderazgo Pedag\u00f3gico y Gesti\u00f3n del Cambio Escolar"},"content":{"rendered":"<div style=\"width: 1920px;\" class=\"wp-video\"><!--[if lt IE 9]><script>document.createElement('video');<\/script><![endif]-->\n<video class=\"wp-video-shortcode\" id=\"video-5076-1\" width=\"1920\" height=\"1080\" preload=\"metadata\" controls=\"controls\"><source type=\"video\/mp4\" src=\"https:\/\/gestiondidactica.cl\/capsulas\/wp-content\/uploads\/2024\/07\/Liderazgo-Pedagogico.mp4?_=1\" \/><a href=\"https:\/\/gestiondidactica.cl\/capsulas\/wp-content\/uploads\/2024\/07\/Liderazgo-Pedagogico.mp4\">https:\/\/gestiondidactica.cl\/capsulas\/wp-content\/uploads\/2024\/07\/Liderazgo-Pedagogico.mp4<\/a><\/video><\/div>\n<h3>Objetivos Espec\u00edficos<\/h3>\n<ul>\n<li>Colaborar con el proceso de dise\u00f1o de una cultura de altas expectativas en funci\u00f3n de las metas organizacionales.<\/li>\n<li>Apoyar el desarrollo organizacional a partir de la participaci\u00f3n de todos los miembros de las comunidades educativas y las necesidades espec\u00edficas como equipo.<\/li>\n<li>Orientar el aseguramiento de est\u00e1ndares de calidad en la gesti\u00f3n educativa que permitan desarrollar un clima de aprendizaje en la organizaci\u00f3n.<\/li>\n<li>Entregar t\u00e9cnicas de gesti\u00f3n del proceso de ense\u00f1anzas y aprendizaje en funci\u00f3n de modelo pedag\u00f3gico institucional de calidad.<\/li>\n<li>Facilitar estrategias de convivencia organizaci\u00f3n basadas confianza de equipo, trabajo colaborativo, eficacia colectiva y mejora continua.<\/li>\n<\/ul>\n<h3>Destinatarios<\/h3>\n<ul>\n<li>Equipos t\u00e9cnicos directivos.<\/li>\n<li>Equipos Pedag\u00f3gicos.<\/li>\n<\/ul>\n","protected":false},"excerpt":{"rendered":"<h3>Objetivo General<\/h3>\n<ul>\n<li>Fortalecer las competencias de liderazgo pedag\u00f3gico que permitan el dise\u00f1o, articulaci\u00f3n, conducci\u00f3n, planificaci\u00f3n institucional e implementaci\u00f3n de pol\u00edticas en realidades escolares espec\u00edficas que propicien una gesti\u00f3n de calidad.<\/li>\n<\/ul>\n","protected":false},"featured_media":5106,"comment_status":"closed","ping_status":"closed","template":"","meta":[],"product_brand":[],"product_cat":[39,40],"product_tag":[],"class_list":{"0":"post-5076","1":"product","2":"type-product","3":"status-publish","4":"has-post-thumbnail","6":"product_cat-e-learning","7":"product_cat-online","9":"first","10":"instock","11":"sale","12":"taxable","13":"shipping-taxable","14":"purchasable","15":"product-type-simple"},"jetpack_sharing_enabled":true,"_links":{"self":[{"href":"https:\/\/grupogestiondidactica.cl\/catalogo\/wp-json\/wp\/v2\/product\/5076","targetHints":{"allow":["GET"]}}],"collection":[{"href":"https:\/\/grupogestiondidactica.cl\/catalogo\/wp-json\/wp\/v2\/product"}],"about":[{"href":"https:\/\/grupogestiondidactica.cl\/catalogo\/wp-json\/wp\/v2\/types\/product"}],"replies":[{"embeddable":true,"href":"https:\/\/grupogestiondidactica.cl\/catalogo\/wp-json\/wp\/v2\/comments?post=5076"}],"wp:featuredmedia":[{"embeddable":true,"href":"https:\/\/grupogestiondidactica.cl\/catalogo\/wp-json\/wp\/v2\/media\/5106"}],"wp:attachment":[{"href":"https:\/\/grupogestiondidactica.cl\/catalogo\/wp-json\/wp\/v2\/media?parent=5076"}],"wp:term":[{"taxonomy":"product_brand","embeddable":true,"href":"https:\/\/grupogestiondidactica.cl\/catalogo\/wp-json\/wp\/v2\/product_brand?post=5076"},{"taxonomy":"product_cat","embeddable":true,"href":"https:\/\/grupogestiondidactica.cl\/catalogo\/wp-json\/wp\/v2\/product_cat?post=5076"},{"taxonomy":"product_tag","embeddable":true,"href":"https:\/\/grupogestiondidactica.cl\/catalogo\/wp-json\/wp\/v2\/product_tag?post=5076"}],"curies":[{"name":"wp","href":"https:\/\/api.w.org\/{rel}","templated":true}]}}