{"id":5078,"date":"2025-01-27T13:58:59","date_gmt":"2025-01-27T13:58:59","guid":{"rendered":"https:\/\/gestiondidactica.cl\/catalogo\/?post_type=product&#038;p=5078"},"modified":"2025-01-27T13:59:28","modified_gmt":"2025-01-27T13:59:28","slug":"bases-curriculares-de-educacion-parvularia","status":"publish","type":"product","link":"https:\/\/grupogestiondidactica.cl\/catalogo\/producto\/bases-curriculares-de-educacion-parvularia\/","title":{"rendered":"Bases Curriculares de Educaci\u00f3n Parvularia"},"content":{"rendered":"<div style=\"width: 1920px;\" class=\"wp-video\"><!--[if lt IE 9]><script>document.createElement('video');<\/script><![endif]-->\n<video class=\"wp-video-shortcode\" id=\"video-5078-1\" width=\"1920\" height=\"1080\" preload=\"metadata\" controls=\"controls\"><source type=\"video\/mp4\" src=\"https:\/\/gestiondidactica.cl\/capsulas\/wp-content\/uploads\/2024\/07\/bbcc-epa.mp4?_=1\" \/><a href=\"https:\/\/gestiondidactica.cl\/capsulas\/wp-content\/uploads\/2024\/07\/bbcc-epa.mp4\">https:\/\/gestiondidactica.cl\/capsulas\/wp-content\/uploads\/2024\/07\/bbcc-epa.mp4<\/a><\/video><\/div>\n<h3>Objetivos Espec\u00edficos<\/h3>\n<ul>\n<li>Generar instancias de monitoreo de la implementaci\u00f3n de las Bases Curriculares en Educaci\u00f3n Parvularia a la luz de aprendizajes de calidad.<\/li>\n<li>Reflexionar en torno a las Bases Curriculares de Educaci\u00f3n Parvularia como instancia de gesti\u00f3n del aprendizaje para el desarrollo de competencias integrales en edades tempranas.<\/li>\n<li>Apropiar los docentes de herramientas de gesti\u00f3n curricular: an\u00e1lisis y organizaci\u00f3n de las Bases Curriculares en Educaci\u00f3n<\/li>\n<li>Parvularia y articulaci\u00f3n con estrategias de ense\u00f1anza b\u00e1sica, pertinentes a un aprendizaje inclusivo en edades tempranas.<\/li>\n<li>Adecuar herramientas a las pr\u00e1cticas docentes para el dise\u00f1o de clases progresivas en articulaci\u00f3n a las Bases Curriculares de<\/li>\n<li>Educaci\u00f3n Parvularia para generar trayectorias de aprendizaje de acuerdo a las necesidades de todos los estudiantes de edades tempranas.<\/li>\n<\/ul>\n<h3>Destinatarios<\/h3>\n<ul>\n<li>Educadores de P\u00e1rvulo y Asistentes de aula<\/li>\n<li>Equipos t\u00e9cnicos pedag\u00f3gicos de Ense\u00f1anza Parvularia<\/li>\n<\/ul>\n","protected":false},"excerpt":{"rendered":"<h3>Objetivo General<\/h3>\n<ul>\n<li>Apropiar a educadoras y co-docentes de educaci\u00f3n preescolar en las Bases Curriculares de Educaci\u00f3n Parvularia y su implementaci\u00f3n en un contexto inclusivo y de calidad a trav\u00e9s de la innovaci\u00f3n de experiencias de aprendizaje integrales que formen el saber ser, saber convivir, saber conocer y saber hacer en edades tempranas.<\/li>\n<\/ul>\n","protected":false},"featured_media":5116,"comment_status":"closed","ping_status":"closed","template":"","meta":[],"product_brand":[],"product_cat":[39],"product_tag":[],"class_list":{"0":"post-5078","1":"product","2":"type-product","3":"status-publish","4":"has-post-thumbnail","6":"product_cat-e-learning","8":"first","9":"instock","10":"sale","11":"taxable","12":"shipping-taxable","13":"purchasable","14":"product-type-simple"},"jetpack_sharing_enabled":true,"_links":{"self":[{"href":"https:\/\/grupogestiondidactica.cl\/catalogo\/wp-json\/wp\/v2\/product\/5078","targetHints":{"allow":["GET"]}}],"collection":[{"href":"https:\/\/grupogestiondidactica.cl\/catalogo\/wp-json\/wp\/v2\/product"}],"about":[{"href":"https:\/\/grupogestiondidactica.cl\/catalogo\/wp-json\/wp\/v2\/types\/product"}],"replies":[{"embeddable":true,"href":"https:\/\/grupogestiondidactica.cl\/catalogo\/wp-json\/wp\/v2\/comments?post=5078"}],"wp:featuredmedia":[{"embeddable":true,"href":"https:\/\/grupogestiondidactica.cl\/catalogo\/wp-json\/wp\/v2\/media\/5116"}],"wp:attachment":[{"href":"https:\/\/grupogestiondidactica.cl\/catalogo\/wp-json\/wp\/v2\/media?parent=5078"}],"wp:term":[{"taxonomy":"product_brand","embeddable":true,"href":"https:\/\/grupogestiondidactica.cl\/catalogo\/wp-json\/wp\/v2\/product_brand?post=5078"},{"taxonomy":"product_cat","embeddable":true,"href":"https:\/\/grupogestiondidactica.cl\/catalogo\/wp-json\/wp\/v2\/product_cat?post=5078"},{"taxonomy":"product_tag","embeddable":true,"href":"https:\/\/grupogestiondidactica.cl\/catalogo\/wp-json\/wp\/v2\/product_tag?post=5078"}],"curies":[{"name":"wp","href":"https:\/\/api.w.org\/{rel}","templated":true}]}}