{"id":5079,"date":"2025-01-27T13:59:00","date_gmt":"2025-01-27T13:59:00","guid":{"rendered":"https:\/\/gestiondidactica.cl\/catalogo\/?post_type=product&#038;p=5079"},"modified":"2025-01-27T13:59:30","modified_gmt":"2025-01-27T13:59:30","slug":"diplomado-en-convivencia-y-formacion-integral","status":"publish","type":"product","link":"https:\/\/grupogestiondidactica.cl\/catalogo\/producto\/diplomado-en-convivencia-y-formacion-integral\/","title":{"rendered":"Diplomado en Convivencia y Formaci\u00f3n Integral"},"content":{"rendered":"<h3>Este diplomado permitir\u00e1:<\/h3>\n<ul>\n<li>Dise\u00f1ar, desarrollar, implementar y evaluar estrategias de Convivencia Escolar y Formaci\u00f3n Integral de acuerdo con los requerimientos actuales de la Pol\u00edtica Nacional de Convivencia Escolar (PNCE) y las especificaciones de los est\u00e1ndares indicativos de desempe\u00f1o (EID).<\/li>\n<li>La formaci\u00f3n de Encargados de Convivencia Escolar y la potenciaci\u00f3n de integrantes del equipo de Convivencia que garantice la implementaci\u00f3n efectiva de pol\u00edticas p\u00fablicas y el resguardo socioemocional de las comunidades en articulaci\u00f3n a su Proyecto Educativo Institucional (PEI).<\/li>\n<li>Forma en competencias de liderazgo, gesti\u00f3n del cambio, socio-transversales, tecnolog\u00edas de innovaci\u00f3n y comunicaci\u00f3n, gesti\u00f3n enfocada al resultado y la mejora continua y aportar al Plan de Mejoramiento Educativo (PME), su implementaci\u00f3n y evaluaci\u00f3n y en proyectos con redes externas que vinculen a la comunidad con el medio para resguardar una sana convivencia.<\/li>\n<\/ul>\n<h3>Requisitos de Admisi\u00f3n<\/h3>\n<ul>\n<li>Las personas interesadas deber\u00e1n completar la ficha de postulaci\u00f3n que se descarga\u00a0<a href=\"https:\/\/chilediplomados.cl\/diplomados\/assets\/FICHA%20DE%20POSTULACI%C3%93N%20CHILEDIPLOMADOS.pdf\">AQU\u00cd<\/a>\u00a0y enviarlo al correo\u00a0<i>diplomado_convivencia@chilediplomados.cl<\/i>, adjuntando digitalmente los siguientes documentos:<\/li>\n<li><i class=\"fa fa-angle-right\"><\/i>\u00a0Copia c\u00e9dula de identidad.<\/li>\n<li><i class=\"fa fa-angle-right\"><\/i>\u00a0Curr\u00edculum vitae actualizado.<\/li>\n<li><i class=\"fa fa-angle-right\"><\/i>\u00a0Copia simple de t\u00edtulo.<\/li>\n<\/ul>\n<h3>Requisitos para Obtenci\u00f3n del Diploma<\/h3>\n<ul>\n<li>El diplomado se aprueba con un m\u00ednimo de asistencia a clases de un 85% a los encuentros de en vivo. El desarrollo de las actividades formativas y sumativas contempladas en la plataforma virtual de aprendizaje aut\u00f3nomo. Cada uno de los programas en los cuales se divide el Diplomado tiene una ponderaci\u00f3n de un 25% para la obtenci\u00f3n de la calificaci\u00f3n final.<\/li>\n<li>Las evaluaciones sumativas se calculan con una escala de 1.0 (calificaci\u00f3n m\u00ednima) a 7.0 (calificaci\u00f3n m\u00e1xima). Calificaci\u00f3n m\u00ednima de aprobaci\u00f3n es un 4,0.<\/li>\n<\/ul>\n<p><strong>El Programa se reserva el derecho de suspender la realizaci\u00f3n del diplomado\/curso si no cuenta con el m\u00ednimo de alumnos requeridos (15). En tal caso se devuelve a los alumnos matriculados la totalidad del dinero en un plazo aproximado de 15 d\u00edas h\u00e1biles, una vez avisados.<\/strong><\/p>\n","protected":false},"excerpt":{"rendered":"<p>Este diplomado permitir\u00e1: Dise\u00f1ar, desarrollar, implementar y evaluar estrategias de Convivencia Escolar y Formaci\u00f3n Integral de acuerdo con los requerimientos&#8230;<\/p>\n","protected":false},"featured_media":5117,"comment_status":"closed","ping_status":"closed","template":"","meta":[],"product_brand":[],"product_cat":[43,40],"product_tag":[],"class_list":{"0":"post-5079","1":"product","2":"type-product","3":"status-publish","4":"has-post-thumbnail","6":"product_cat-diplomados","7":"product_cat-online","9":"first","10":"instock","11":"sale","12":"taxable","13":"shipping-taxable","14":"purchasable","15":"product-type-simple"},"jetpack_sharing_enabled":true,"_links":{"self":[{"href":"https:\/\/grupogestiondidactica.cl\/catalogo\/wp-json\/wp\/v2\/product\/5079","targetHints":{"allow":["GET"]}}],"collection":[{"href":"https:\/\/grupogestiondidactica.cl\/catalogo\/wp-json\/wp\/v2\/product"}],"about":[{"href":"https:\/\/grupogestiondidactica.cl\/catalogo\/wp-json\/wp\/v2\/types\/product"}],"replies":[{"embeddable":true,"href":"https:\/\/grupogestiondidactica.cl\/catalogo\/wp-json\/wp\/v2\/comments?post=5079"}],"wp:featuredmedia":[{"embeddable":true,"href":"https:\/\/grupogestiondidactica.cl\/catalogo\/wp-json\/wp\/v2\/media\/5117"}],"wp:attachment":[{"href":"https:\/\/grupogestiondidactica.cl\/catalogo\/wp-json\/wp\/v2\/media?parent=5079"}],"wp:term":[{"taxonomy":"product_brand","embeddable":true,"href":"https:\/\/grupogestiondidactica.cl\/catalogo\/wp-json\/wp\/v2\/product_brand?post=5079"},{"taxonomy":"product_cat","embeddable":true,"href":"https:\/\/grupogestiondidactica.cl\/catalogo\/wp-json\/wp\/v2\/product_cat?post=5079"},{"taxonomy":"product_tag","embeddable":true,"href":"https:\/\/grupogestiondidactica.cl\/catalogo\/wp-json\/wp\/v2\/product_tag?post=5079"}],"curies":[{"name":"wp","href":"https:\/\/api.w.org\/{rel}","templated":true}]}}