{"id":5083,"date":"2025-01-27T13:59:00","date_gmt":"2025-01-27T13:59:00","guid":{"rendered":"https:\/\/gestiondidactica.cl\/catalogo\/?post_type=product&#038;p=5083"},"modified":"2025-01-27T13:59:36","modified_gmt":"2025-01-27T13:59:36","slug":"diplomado-en-construccion-de-comunidades-inclusivas-y-diversas","status":"publish","type":"product","link":"https:\/\/grupogestiondidactica.cl\/catalogo\/producto\/diplomado-en-construccion-de-comunidades-inclusivas-y-diversas\/","title":{"rendered":"Diplomado en Construcci\u00f3n de Comunidades Inclusivas y Diversas"},"content":{"rendered":"<h2>Sobre el diplomado<\/h2>\n<p>&nbsp;<\/p>\n<h3>Este diplomado permitir\u00e1:<\/h3>\n<ul>\n<li>Dise\u00f1ar, desarrollar, implementar y evaluar estrategias Inclusivas y Diversas en contextos escolares y empresariales actuales.<\/li>\n<li>Desarrollar competencias personales y organizacional a trav\u00e9s de estrategias de coach para la aplicaci\u00f3n apropiada de estrategias, herramientas y t\u00e9cnicas de coaching permita que evidencie resultados deseados de manera sostenible.<\/li>\n<li>Apropiar modelos conceptuales y experiencias de aprendizaje pr\u00e1ctico que aporte a la formaci\u00f3n de l\u00edderes de organizaciones que busque la excelencia tanto en las relaciones externas e internas de las organizaciones y en sus resultados a corto, mediano y largo plazo.<\/li>\n<\/ul>\n<h3>Requisitos de Admisi\u00f3n<\/h3>\n<ul>\n<li>Las personas interesadas deber\u00e1n completar la ficha de postulaci\u00f3n la cual puede ser descargada haciendo clic\u00a0<a href=\"https:\/\/chilediplomados.cl\/diplomados\/assets\/FICHA%20DE%20POSTULACI%C3%93N%20CHILEDIPLOMADOS.pdf\">AQU\u00cd<\/a>\u00a0y enviarla al correo\u00a0<i>diplomado_comunidades@chilediplomados.cl<\/i>, adjuntando digitalmente los siguientes documentos:<\/li>\n<li><i class=\"fa fa-angle-right\"><\/i>\u00a0Copia c\u00e9dula de identidad.<\/li>\n<li><i class=\"fa fa-angle-right\"><\/i>\u00a0Curr\u00edculum vitae actualizado.<\/li>\n<li><i class=\"fa fa-angle-right\"><\/i>\u00a0Copia simple de t\u00edtulo.<\/li>\n<\/ul>\n<h3>Requisitos para Obtenci\u00f3n del Diploma<\/h3>\n<ul>\n<li>El diplomado se aprueba con un m\u00ednimo de asistencia a clases de un 85% a los encuentros de en vivo.<\/li>\n<li>El desarrollo de las actividades formativas y sumativas contempladas en la plataforma virtual de aprendizaje aut\u00f3nomo.<\/li>\n<li>Cada uno de los programas en los cuales se divide el Diplomado tiene una ponderaci\u00f3n de un 25% para la obtenci\u00f3n de la calificaci\u00f3n final. Las evaluaciones sumativas se calculan con una escala de 1.0 (calificaci\u00f3n m\u00ednima) a 7.0 (calificaci\u00f3n m\u00e1xima). Calificaci\u00f3n m\u00ednima de aprobaci\u00f3n es un 4,0.<\/li>\n<\/ul>\n<div class=\"wrapper color-no-tan-oscuro\">\n<p>&nbsp;<\/p>\n<div class=\"content\">\n<div class=\"group demo\">\n<div>\n<p><strong>El Programa se reserva el derecho de suspender la realizaci\u00f3n del diplomado\/curso si no cuenta con el m\u00ednimo de alumnos requeridos (15). En tal caso se devuelve a los alumnos matriculados la totalidad del dinero en un plazo aproximado de 15 d\u00edas h\u00e1biles, una vez avisados.<\/strong><\/p>\n<\/div>\n<\/div>\n<\/div>\n<div class=\"clear\"><\/div>\n<p>&nbsp;<\/p>\n<\/div>\n","protected":false},"excerpt":{"rendered":"<p>Sobre el diplomado &nbsp; Este diplomado permitir\u00e1: Dise\u00f1ar, desarrollar, implementar y evaluar estrategias Inclusivas y Diversas en contextos escolares y&#8230;<\/p>\n","protected":false},"featured_media":5117,"comment_status":"closed","ping_status":"closed","template":"","meta":[],"product_brand":[],"product_cat":[43,40],"product_tag":[],"class_list":{"0":"post-5083","1":"product","2":"type-product","3":"status-publish","4":"has-post-thumbnail","6":"product_cat-diplomados","7":"product_cat-online","9":"first","10":"instock","11":"sale","12":"taxable","13":"shipping-taxable","14":"purchasable","15":"product-type-simple"},"jetpack_sharing_enabled":true,"_links":{"self":[{"href":"https:\/\/grupogestiondidactica.cl\/catalogo\/wp-json\/wp\/v2\/product\/5083","targetHints":{"allow":["GET"]}}],"collection":[{"href":"https:\/\/grupogestiondidactica.cl\/catalogo\/wp-json\/wp\/v2\/product"}],"about":[{"href":"https:\/\/grupogestiondidactica.cl\/catalogo\/wp-json\/wp\/v2\/types\/product"}],"replies":[{"embeddable":true,"href":"https:\/\/grupogestiondidactica.cl\/catalogo\/wp-json\/wp\/v2\/comments?post=5083"}],"wp:featuredmedia":[{"embeddable":true,"href":"https:\/\/grupogestiondidactica.cl\/catalogo\/wp-json\/wp\/v2\/media\/5117"}],"wp:attachment":[{"href":"https:\/\/grupogestiondidactica.cl\/catalogo\/wp-json\/wp\/v2\/media?parent=5083"}],"wp:term":[{"taxonomy":"product_brand","embeddable":true,"href":"https:\/\/grupogestiondidactica.cl\/catalogo\/wp-json\/wp\/v2\/product_brand?post=5083"},{"taxonomy":"product_cat","embeddable":true,"href":"https:\/\/grupogestiondidactica.cl\/catalogo\/wp-json\/wp\/v2\/product_cat?post=5083"},{"taxonomy":"product_tag","embeddable":true,"href":"https:\/\/grupogestiondidactica.cl\/catalogo\/wp-json\/wp\/v2\/product_tag?post=5083"}],"curies":[{"name":"wp","href":"https:\/\/api.w.org\/{rel}","templated":true}]}}