{"id":5088,"date":"2025-01-27T13:59:01","date_gmt":"2025-01-27T13:59:01","guid":{"rendered":"https:\/\/gestiondidactica.cl\/catalogo\/?post_type=product&#038;p=5088"},"modified":"2025-01-27T13:59:41","modified_gmt":"2025-01-27T13:59:41","slug":"plan-de-formacion-integral-manejo-y-abordaje-de-nins-y-jovenes-con-trastornos-del-espectro-autista-tea","status":"publish","type":"product","link":"https:\/\/grupogestiondidactica.cl\/catalogo\/producto\/plan-de-formacion-integral-manejo-y-abordaje-de-nins-y-jovenes-con-trastornos-del-espectro-autista-tea\/","title":{"rendered":"Plan de Formaci\u00f3n Integral: Manejo y Abordaje de Ni\u00f1@s y J\u00f3venes con Trastornos del Espectro Autista (TEA)"},"content":{"rendered":"<p><iframe title=\"Plan de Formaci\u00f3n Integral en Manejo y Abordaje de Ni\u00f1@s y J\u00f3venes en Condici\u00f3n Autista\" width=\"500\" height=\"281\" src=\"https:\/\/www.youtube.com\/embed\/6v2UCzfj0dM?feature=oembed\" frameborder=\"0\" allow=\"accelerometer; autoplay; clipboard-write; encrypted-media; gyroscope; picture-in-picture; web-share\" referrerpolicy=\"strict-origin-when-cross-origin\" allowfullscreen><\/iframe><\/p>\n<h3>Objetivos espec\u00edficos<\/h3>\n<ul>\n<li>Definir conceptos claves en torno a la condici\u00f3n autista y sus implicancias en el desenvolvimiento integral de las personas en dicha condici\u00f3n.<\/li>\n<li>Comprender el enfoque de derecho planteado en la Ley TEA\/2023 y las consecuencias que dicha ley tiene en el \u00e1mbito laboral y educativos para las personas que tienen esta condici\u00f3n.<\/li>\n<li>Establecer y apropiar en torno a los deberes del Estado en relaci\u00f3n con las personas de condici\u00f3n autista y sus responsabilidades en torno a la difusi\u00f3n formativa e investigaci\u00f3n.<\/li>\n<li>Analizar las implicancias que en sistema de salud nacional tiene la implementaci\u00f3n del Ley TEA\/2023 y sus alcances para los padres, apoderados y tutores de personas en condici\u00f3n autista.<\/li>\n<li>Analizar los alcances educativos de la Ley TEA\/2023 y las consecuencias que involucra en la cultura y el clima escolar, la gesti\u00f3n curricular y el liderazgo pedag\u00f3gico.<\/li>\n<\/ul>\n<h3>Destinatarios<\/h3>\n<ul>\n<li>Docentes de todos los niveles de ense\u00f1anza.<\/li>\n<li>Equipos de Programa de Integraci\u00f3n Escolar.<\/li>\n<li>Equipos T\u00e9cnicos \u2013 Directivos.<\/li>\n<li>Asistentes de la educaci\u00f3n<\/li>\n<li>profesionales y no profesionales.<\/li>\n<\/ul>\n","protected":false},"excerpt":{"rendered":"<h3>Objetivo general<\/h3>\n<ul>\n<li>Sensibilizar y apropiar a los participantes de los elementos que constituyen La Ley TEA\/2023 que establece la promoci\u00f3n de la inclusi\u00f3n, la atenci\u00f3n integral, y la protecci\u00f3n de los derechos de las personas con trastorno del espectro autista en el\u00a0 \u00e1mbito social, de salud y especialmente en el \u00e1mbito de la educaci\u00f3n.<\/li>\n<\/ul>\n","protected":false},"featured_media":5125,"comment_status":"closed","ping_status":"closed","template":"","meta":[],"product_brand":[],"product_cat":[40,41],"product_tag":[],"class_list":{"0":"post-5088","1":"product","2":"type-product","3":"status-publish","4":"has-post-thumbnail","6":"product_cat-online","7":"product_cat-planes-de-formacion-integral","9":"first","10":"instock","11":"taxable","12":"shipping-taxable","13":"purchasable","14":"product-type-simple"},"jetpack_sharing_enabled":true,"_links":{"self":[{"href":"https:\/\/grupogestiondidactica.cl\/catalogo\/wp-json\/wp\/v2\/product\/5088","targetHints":{"allow":["GET"]}}],"collection":[{"href":"https:\/\/grupogestiondidactica.cl\/catalogo\/wp-json\/wp\/v2\/product"}],"about":[{"href":"https:\/\/grupogestiondidactica.cl\/catalogo\/wp-json\/wp\/v2\/types\/product"}],"replies":[{"embeddable":true,"href":"https:\/\/grupogestiondidactica.cl\/catalogo\/wp-json\/wp\/v2\/comments?post=5088"}],"wp:featuredmedia":[{"embeddable":true,"href":"https:\/\/grupogestiondidactica.cl\/catalogo\/wp-json\/wp\/v2\/media\/5125"}],"wp:attachment":[{"href":"https:\/\/grupogestiondidactica.cl\/catalogo\/wp-json\/wp\/v2\/media?parent=5088"}],"wp:term":[{"taxonomy":"product_brand","embeddable":true,"href":"https:\/\/grupogestiondidactica.cl\/catalogo\/wp-json\/wp\/v2\/product_brand?post=5088"},{"taxonomy":"product_cat","embeddable":true,"href":"https:\/\/grupogestiondidactica.cl\/catalogo\/wp-json\/wp\/v2\/product_cat?post=5088"},{"taxonomy":"product_tag","embeddable":true,"href":"https:\/\/grupogestiondidactica.cl\/catalogo\/wp-json\/wp\/v2\/product_tag?post=5088"}],"curies":[{"name":"wp","href":"https:\/\/api.w.org\/{rel}","templated":true}]}}