{"id":5089,"date":"2025-01-27T13:59:01","date_gmt":"2025-01-27T13:59:01","guid":{"rendered":"https:\/\/gestiondidactica.cl\/catalogo\/?post_type=product&#038;p=5089"},"modified":"2025-01-27T13:59:42","modified_gmt":"2025-01-27T13:59:42","slug":"plan-de-formacion-integral-inclusion-curricular","status":"publish","type":"product","link":"https:\/\/grupogestiondidactica.cl\/catalogo\/producto\/plan-de-formacion-integral-inclusion-curricular\/","title":{"rendered":"Plan de Formaci\u00f3n Integral: Inclusi\u00f3n Curricular"},"content":{"rendered":"<p><iframe title=\"Plan de Formaci\u00f3n Integral en Inclusi\u00f3n Curricular\" width=\"500\" height=\"281\" src=\"https:\/\/www.youtube.com\/embed\/5fZp1UBLehw?feature=oembed\" frameborder=\"0\" allow=\"accelerometer; autoplay; clipboard-write; encrypted-media; gyroscope; picture-in-picture; web-share\" referrerpolicy=\"strict-origin-when-cross-origin\" allowfullscreen><\/iframe><\/p>\n<h3>Objetivos espec\u00edficos<\/h3>\n<ul>\n<li>Gestionar la normativa y los fundamentos de la inclusi\u00f3n escolar en Chile.<\/li>\n<li>Entregar estrategias para Implementar adecuaciones y diversificaciones en aula.<\/li>\n<li>Construir estrategias de aprendizaje activo en el contexto de la diversificaci\u00f3n de la ense\u00f1anza.<\/li>\n<li>Dise\u00f1ar ambientes de aprendizaje para facilitar la evaluaci\u00f3n inclusiva de acuerdo con el Decreto 67.<\/li>\n<\/ul>\n<h3>Destinatarios<\/h3>\n<ul>\n<li>Docentes regulares y asistentes de aula.<\/li>\n<li>Equipos Directivos.<\/li>\n<li>Equipos de integraci\u00f3n escolar.<\/li>\n<li>Dupla Psicosocial.<\/li>\n<\/ul>\n","protected":false},"excerpt":{"rendered":"<h3>Objetivo general<\/h3>\n<ul>\n<li>Generar instancias de diversificaci\u00f3n y adecuaci\u00f3n de la ense\u00f1anza y la evaluaci\u00f3n de los aprendizajes para contexto de aula inclusiva a trav\u00e9s de estrategias afectivas, procedimentales y cognitivas de ni\u00f1os, ni\u00f1as y adolescentes para facilitar la flexibilidad y la implementaci\u00f3n del curricular.<\/li>\n<\/ul>\n","protected":false},"featured_media":5126,"comment_status":"closed","ping_status":"closed","template":"","meta":[],"product_brand":[],"product_cat":[40,41],"product_tag":[],"class_list":{"0":"post-5089","1":"product","2":"type-product","3":"status-publish","4":"has-post-thumbnail","6":"product_cat-online","7":"product_cat-planes-de-formacion-integral","9":"first","10":"instock","11":"sale","12":"taxable","13":"shipping-taxable","14":"purchasable","15":"product-type-simple"},"jetpack_sharing_enabled":true,"_links":{"self":[{"href":"https:\/\/grupogestiondidactica.cl\/catalogo\/wp-json\/wp\/v2\/product\/5089","targetHints":{"allow":["GET"]}}],"collection":[{"href":"https:\/\/grupogestiondidactica.cl\/catalogo\/wp-json\/wp\/v2\/product"}],"about":[{"href":"https:\/\/grupogestiondidactica.cl\/catalogo\/wp-json\/wp\/v2\/types\/product"}],"replies":[{"embeddable":true,"href":"https:\/\/grupogestiondidactica.cl\/catalogo\/wp-json\/wp\/v2\/comments?post=5089"}],"wp:featuredmedia":[{"embeddable":true,"href":"https:\/\/grupogestiondidactica.cl\/catalogo\/wp-json\/wp\/v2\/media\/5126"}],"wp:attachment":[{"href":"https:\/\/grupogestiondidactica.cl\/catalogo\/wp-json\/wp\/v2\/media?parent=5089"}],"wp:term":[{"taxonomy":"product_brand","embeddable":true,"href":"https:\/\/grupogestiondidactica.cl\/catalogo\/wp-json\/wp\/v2\/product_brand?post=5089"},{"taxonomy":"product_cat","embeddable":true,"href":"https:\/\/grupogestiondidactica.cl\/catalogo\/wp-json\/wp\/v2\/product_cat?post=5089"},{"taxonomy":"product_tag","embeddable":true,"href":"https:\/\/grupogestiondidactica.cl\/catalogo\/wp-json\/wp\/v2\/product_tag?post=5089"}],"curies":[{"name":"wp","href":"https:\/\/api.w.org\/{rel}","templated":true}]}}