{"id":5095,"date":"2025-01-27T13:59:02","date_gmt":"2025-01-27T13:59:02","guid":{"rendered":"https:\/\/gestiondidactica.cl\/catalogo\/?post_type=product&#038;p=5095"},"modified":"2025-01-27T13:59:51","modified_gmt":"2025-01-27T13:59:51","slug":"diseno-implementacion-y-monitoreo-de-una-gestion-de-la-convivencia-social-y-mediacion-escolar-de-calidad","status":"publish","type":"product","link":"https:\/\/grupogestiondidactica.cl\/catalogo\/producto\/diseno-implementacion-y-monitoreo-de-una-gestion-de-la-convivencia-social-y-mediacion-escolar-de-calidad\/","title":{"rendered":"Dise\u00f1o, Implementaci\u00f3n y Monitoreo de una Gesti\u00f3n de la Convivencia Social y Mediaci\u00f3n Escolar de Calidad"},"content":{"rendered":"<h3>Objetivos Espec\u00edficos<\/h3>\n<ul>\n<li>Diagnosticar el modelo de gesti\u00f3n de la Convivencia en coherencia con la Pol\u00edtica Nacional de Convivencia Escolar.<\/li>\n<li>An\u00e1lisis PEI y sellos institucionales para extraer competencias y valores espec\u00edficos de la comunidad educativa para el dise\u00f1o articulado de modelos y procedimientos que aseguren la implementaci\u00f3n de un Plan Formativo Institucional.<\/li>\n<li>Dise\u00f1ar el Plan de Gesti\u00f3n de la Convivencia Escolar en articulaci\u00f3n con el reglamento Interno de Evaluaci\u00f3n y el Manual de Convivencia Escolar que facilite la comprensi\u00f3n y construcci\u00f3n de una visi\u00f3n compartida sobre el convivencia en coherencia con el PEI y el PME.<\/li>\n<li>Gestionar e implementar estrategias de trabajo colaborativos entre el equipo de Convivencia Escolar y los dem\u00e1s miembros dela comunidad educativa para fortalecer los v\u00ednculos y aportar significativa al aprendizaje integral de ni\u00f1os y ni\u00f1as y j\u00f3venes.<\/li>\n<li>Fortalecer los recursos personales de liderazgo para una convivencia escolar en calidad por medio de estilos que se ajusten a la realidad de cada unidad escolar y generar las estrategias pertinentes.<\/li>\n<\/ul>\n<h3>Destinatarios<\/h3>\n<ul>\n<li>Equipos pedag\u00f3gicos integrales.<\/li>\n<li>Equipos T\u00e9cnico-pedag\u00f3gicos.<\/li>\n<li>Equipos de Convivencia Escolar<\/li>\n<li>Asistentes de aula.<\/li>\n<\/ul>\n","protected":false},"excerpt":{"rendered":"<h3>Objetivo General<\/h3>\n<p>&nbsp;<\/p>\n<ul>\n<li>Acompa\u00f1ar integralmente a la comunidad educativa en su proceso de dise\u00f1o e implementaci\u00f3n de estrategias de gesti\u00f3n de convivencia en coherencia con la Pol\u00edtica Nacional de Convivencia Escolar asegure el enfoque formativo integral y que propicie el Buen Trato, la Convivencia Inclusiva, la Participaci\u00f3n Democr\u00e1tica y Resoluci\u00f3n de Pac\u00edfica de Conflictos.<\/li>\n<\/ul>\n","protected":false},"featured_media":5140,"comment_status":"closed","ping_status":"closed","template":"","meta":[],"product_brand":[],"product_cat":[44],"product_tag":[],"class_list":{"0":"post-5095","1":"product","2":"type-product","3":"status-publish","4":"has-post-thumbnail","6":"product_cat-programa-de-asesorias-integrales","8":"first","9":"instock","10":"sale","11":"taxable","12":"shipping-taxable","13":"purchasable","14":"product-type-simple"},"jetpack_sharing_enabled":true,"_links":{"self":[{"href":"https:\/\/grupogestiondidactica.cl\/catalogo\/wp-json\/wp\/v2\/product\/5095","targetHints":{"allow":["GET"]}}],"collection":[{"href":"https:\/\/grupogestiondidactica.cl\/catalogo\/wp-json\/wp\/v2\/product"}],"about":[{"href":"https:\/\/grupogestiondidactica.cl\/catalogo\/wp-json\/wp\/v2\/types\/product"}],"replies":[{"embeddable":true,"href":"https:\/\/grupogestiondidactica.cl\/catalogo\/wp-json\/wp\/v2\/comments?post=5095"}],"wp:featuredmedia":[{"embeddable":true,"href":"https:\/\/grupogestiondidactica.cl\/catalogo\/wp-json\/wp\/v2\/media\/5140"}],"wp:attachment":[{"href":"https:\/\/grupogestiondidactica.cl\/catalogo\/wp-json\/wp\/v2\/media?parent=5095"}],"wp:term":[{"taxonomy":"product_brand","embeddable":true,"href":"https:\/\/grupogestiondidactica.cl\/catalogo\/wp-json\/wp\/v2\/product_brand?post=5095"},{"taxonomy":"product_cat","embeddable":true,"href":"https:\/\/grupogestiondidactica.cl\/catalogo\/wp-json\/wp\/v2\/product_cat?post=5095"},{"taxonomy":"product_tag","embeddable":true,"href":"https:\/\/grupogestiondidactica.cl\/catalogo\/wp-json\/wp\/v2\/product_tag?post=5095"}],"curies":[{"name":"wp","href":"https:\/\/api.w.org\/{rel}","templated":true}]}}