{"id":5110,"date":"2025-01-27T13:59:25","date_gmt":"2025-01-27T13:59:25","guid":{"rendered":"https:\/\/gestiondidactica.cl\/catalogo\/?post_type=product&#038;p=5110"},"modified":"2025-01-27T13:59:57","modified_gmt":"2025-01-27T13:59:57","slug":"seminario-inclusion-educativa-tea","status":"publish","type":"product","link":"https:\/\/grupogestiondidactica.cl\/catalogo\/producto\/seminario-inclusion-educativa-tea\/","title":{"rendered":"Seminario: Inclusi\u00f3n educativa (TEA)"},"content":{"rendered":"<h3><strong>Cronograma del seminario<\/strong><\/h3>\n<p><strong><br \/>\nHORARIO ACTIVIDAD \/ CONTENIDO<\/strong><br \/>\n09:00 &#8211; 09:15 Bienvenida<br \/>\n09:15 &#8211; 10:15 Ley TEA, sus definiciones, alcances y fases de<br \/>\nimplementaci\u00f3n social y en contextos escolares.<br \/>\n10:25 &#8211; 11:25 Tipolog\u00eda y caracter\u00edsticas a la condici\u00f3n<br \/>\nautista y estrategias de abordaje seg\u00fan DSM-V<br \/>\ne investigaciones recientes desde el \u00e1rea de la<br \/>\nsalud y educativa.<br \/>\n11:35 &#8211; 12:35 Propuestas de estrategias de car\u00e1cter<br \/>\nsocioemocional y pedag\u00f3gico para el abordaje<br \/>\nde ni\u00f1os, ni\u00f1as y j\u00f3venes en condici\u00f3n autista,<br \/>\nseg\u00fan diagn\u00f3stico y necesidades.<br \/>\n10:15 &#8211; 10:25 Receso N\u00ba1<br \/>\n11:25 &#8211; 11:35 Receso N\u00ba2<br \/>\n12:35 &#8211; 13:00 Conclusiones, cierre y entrega<br \/>\nde formulario de evaluaci\u00f3n<\/p>\n","protected":false},"excerpt":{"rendered":"<h3>Objetivo del Seminario:<\/h3>\n<p>&nbsp;<\/p>\n<p>Este seminario se centra en el manejo e inclusi\u00f3n de ni\u00f1os, ni\u00f1as y j\u00f3venes del espectro autista en entornos educativos. Se explorar\u00e1n las definiciones y alcances de la Ley TEA, junto con sus fases de implementaci\u00f3n en el \u00e1mbito escolar. Se discutir\u00e1n las caracter\u00edsticas del espectro autista y las estrategias de abordaje basadas en el DSM-V y en investigaciones recientes. Adem\u00e1s, se presentar\u00e1n propuestas de estrategias socioemocionales y pedag\u00f3gicas para atender las necesidades y diagn\u00f3sticos individuales, promoviendo as\u00ed una inclusi\u00f3n educativa efectiva.<\/p>\n","protected":false},"featured_media":5147,"comment_status":"closed","ping_status":"closed","template":"","meta":[],"product_brand":[],"product_cat":[45],"product_tag":[],"class_list":{"0":"post-5110","1":"product","2":"type-product","3":"status-publish","4":"has-post-thumbnail","6":"product_cat-seminario","8":"first","9":"instock","10":"sale","11":"taxable","12":"shipping-taxable","13":"purchasable","14":"product-type-simple"},"jetpack_sharing_enabled":true,"_links":{"self":[{"href":"https:\/\/grupogestiondidactica.cl\/catalogo\/wp-json\/wp\/v2\/product\/5110","targetHints":{"allow":["GET"]}}],"collection":[{"href":"https:\/\/grupogestiondidactica.cl\/catalogo\/wp-json\/wp\/v2\/product"}],"about":[{"href":"https:\/\/grupogestiondidactica.cl\/catalogo\/wp-json\/wp\/v2\/types\/product"}],"replies":[{"embeddable":true,"href":"https:\/\/grupogestiondidactica.cl\/catalogo\/wp-json\/wp\/v2\/comments?post=5110"}],"wp:featuredmedia":[{"embeddable":true,"href":"https:\/\/grupogestiondidactica.cl\/catalogo\/wp-json\/wp\/v2\/media\/5147"}],"wp:attachment":[{"href":"https:\/\/grupogestiondidactica.cl\/catalogo\/wp-json\/wp\/v2\/media?parent=5110"}],"wp:term":[{"taxonomy":"product_brand","embeddable":true,"href":"https:\/\/grupogestiondidactica.cl\/catalogo\/wp-json\/wp\/v2\/product_brand?post=5110"},{"taxonomy":"product_cat","embeddable":true,"href":"https:\/\/grupogestiondidactica.cl\/catalogo\/wp-json\/wp\/v2\/product_cat?post=5110"},{"taxonomy":"product_tag","embeddable":true,"href":"https:\/\/grupogestiondidactica.cl\/catalogo\/wp-json\/wp\/v2\/product_tag?post=5110"}],"curies":[{"name":"wp","href":"https:\/\/api.w.org\/{rel}","templated":true}]}}