{"id":5111,"date":"2025-01-27T13:59:25","date_gmt":"2025-01-27T13:59:25","guid":{"rendered":"https:\/\/gestiondidactica.cl\/catalogo\/?post_type=product&#038;p=5111"},"modified":"2025-01-27T14:00:00","modified_gmt":"2025-01-27T14:00:00","slug":"articulacion-e-implicancias-para-la-practica-docente-de-los-decretos-170-83-67-de-educacion","status":"publish","type":"product","link":"https:\/\/grupogestiondidactica.cl\/catalogo\/producto\/articulacion-e-implicancias-para-la-practica-docente-de-los-decretos-170-83-67-de-educacion\/","title":{"rendered":"Articulaci\u00f3n e Implicancias para la Pr\u00e1ctica Docente de los Decretos 170\u201383\u201367 de Educaci\u00f3n"},"content":{"rendered":"<h3><strong>Objetivos Espec\u00edficos:<\/strong><\/h3>\n<ul>\n<li>Comprender la normativa y los fundamentos legales de la inclusi\u00f3n escolar en Chile y su impacto en la pr\u00e1ctica docente.<\/li>\n<li>Desarrollar e implementar estrategias efectivas para la adecuaci\u00f3n y diversificaci\u00f3n curricular en el aula.<\/li>\n<li>Dise\u00f1ar y aplicar estrategias de aprendizaje activo que promuevan la participaci\u00f3n y el compromiso de todos los estudiantes.<\/li>\n<li>Crear ambientes de aprendizaje inclusivos que faciliten la evaluaci\u00f3n adaptada seg\u00fan el Decreto 67.<\/li>\n<\/ul>\n<h3>Destinatarios<\/h3>\n<ul>\n<li>Directivos y docentes de ense\u00f1anza b\u00e1sica y media de todas las \u00e1reas disciplinarias.<\/li>\n<li>Profesionales que desarrollan laborales de acompa\u00f1amiento t\u00e9cnico pedag\u00f3gico, tanto al interior de los establecimientos educacionales como a nivel de liderazgos intermedios, como equipos DAEM de Municipios, asesores pedag\u00f3gicos de Servicios Locales de Educaci\u00f3n o particulares.<\/li>\n<li>Asistentes de aula.<\/li>\n<li>Equipos de integraci\u00f3n escolar.<\/li>\n<li>Dupla Psicosocial.<\/li>\n<\/ul>\n","protected":false},"excerpt":{"rendered":"<h3><strong>Objetivo General<br \/>\n<\/strong><\/h3>\n<ul>\n<li>Facilitar la comprensi\u00f3n y aplicaci\u00f3n de los Decretos 170, 83 y 67 en el contexto educativo chileno, promoviendo pr\u00e1cticas inclusivas que diversifiquen y adec\u00faen la ense\u00f1anza y evaluaci\u00f3n en aulas inclusivas.<\/li>\n<\/ul>\n","protected":false},"featured_media":5148,"comment_status":"closed","ping_status":"closed","template":"","meta":[],"product_brand":[],"product_cat":[39,40],"product_tag":[],"class_list":{"0":"post-5111","1":"product","2":"type-product","3":"status-publish","4":"has-post-thumbnail","6":"product_cat-e-learning","7":"product_cat-online","9":"first","10":"instock","11":"taxable","12":"shipping-taxable","13":"purchasable","14":"product-type-simple"},"jetpack_sharing_enabled":true,"_links":{"self":[{"href":"https:\/\/grupogestiondidactica.cl\/catalogo\/wp-json\/wp\/v2\/product\/5111","targetHints":{"allow":["GET"]}}],"collection":[{"href":"https:\/\/grupogestiondidactica.cl\/catalogo\/wp-json\/wp\/v2\/product"}],"about":[{"href":"https:\/\/grupogestiondidactica.cl\/catalogo\/wp-json\/wp\/v2\/types\/product"}],"replies":[{"embeddable":true,"href":"https:\/\/grupogestiondidactica.cl\/catalogo\/wp-json\/wp\/v2\/comments?post=5111"}],"wp:featuredmedia":[{"embeddable":true,"href":"https:\/\/grupogestiondidactica.cl\/catalogo\/wp-json\/wp\/v2\/media\/5148"}],"wp:attachment":[{"href":"https:\/\/grupogestiondidactica.cl\/catalogo\/wp-json\/wp\/v2\/media?parent=5111"}],"wp:term":[{"taxonomy":"product_brand","embeddable":true,"href":"https:\/\/grupogestiondidactica.cl\/catalogo\/wp-json\/wp\/v2\/product_brand?post=5111"},{"taxonomy":"product_cat","embeddable":true,"href":"https:\/\/grupogestiondidactica.cl\/catalogo\/wp-json\/wp\/v2\/product_cat?post=5111"},{"taxonomy":"product_tag","embeddable":true,"href":"https:\/\/grupogestiondidactica.cl\/catalogo\/wp-json\/wp\/v2\/product_tag?post=5111"}],"curies":[{"name":"wp","href":"https:\/\/api.w.org\/{rel}","templated":true}]}}