{"id":5267,"date":"2025-03-17T20:14:49","date_gmt":"2025-03-17T20:14:49","guid":{"rendered":"https:\/\/grupogestiondidactica.cl\/catalogo\/?post_type=product&#038;p=5267"},"modified":"2025-09-25T03:23:51","modified_gmt":"2025-09-25T03:23:51","slug":"bases-curriculares-de-educacion-parvularia-2","status":"publish","type":"product","link":"https:\/\/grupogestiondidactica.cl\/catalogo\/producto\/bases-curriculares-de-educacion-parvularia-2\/","title":{"rendered":"Bases Curriculares de Educaci\u00f3n Parvularia"},"content":{"rendered":"<p>Comprende en profundidad las Bases Curriculares de Educaci\u00f3n Parvularia y su aplicaci\u00f3n en el aula. Aprende a dise\u00f1ar experiencias de aprendizaje alineadas con los principios y objetivos fundamentales para el desarrollo integral de ni\u00f1os y ni\u00f1as en la primera infancia.<\/p>\n","protected":false},"excerpt":{"rendered":"<p>Comprende en profundidad las Bases Curriculares de Educaci\u00f3n Parvularia y su aplicaci\u00f3n en el aula. Aprende a dise\u00f1ar experiencias de&#8230;<\/p>\n","protected":false},"featured_media":5384,"comment_status":"open","ping_status":"closed","template":"","meta":[],"product_brand":[],"product_cat":[39],"product_tag":[],"class_list":{"0":"post-5267","1":"product","2":"type-product","3":"status-publish","4":"has-post-thumbnail","6":"product_cat-e-learning","8":"first","9":"instock","10":"sale","11":"taxable","12":"shipping-taxable","13":"purchasable","14":"product-type-simple"},"jetpack_sharing_enabled":true,"_links":{"self":[{"href":"https:\/\/grupogestiondidactica.cl\/catalogo\/wp-json\/wp\/v2\/product\/5267","targetHints":{"allow":["GET"]}}],"collection":[{"href":"https:\/\/grupogestiondidactica.cl\/catalogo\/wp-json\/wp\/v2\/product"}],"about":[{"href":"https:\/\/grupogestiondidactica.cl\/catalogo\/wp-json\/wp\/v2\/types\/product"}],"replies":[{"embeddable":true,"href":"https:\/\/grupogestiondidactica.cl\/catalogo\/wp-json\/wp\/v2\/comments?post=5267"}],"wp:featuredmedia":[{"embeddable":true,"href":"https:\/\/grupogestiondidactica.cl\/catalogo\/wp-json\/wp\/v2\/media\/5384"}],"wp:attachment":[{"href":"https:\/\/grupogestiondidactica.cl\/catalogo\/wp-json\/wp\/v2\/media?parent=5267"}],"wp:term":[{"taxonomy":"product_brand","embeddable":true,"href":"https:\/\/grupogestiondidactica.cl\/catalogo\/wp-json\/wp\/v2\/product_brand?post=5267"},{"taxonomy":"product_cat","embeddable":true,"href":"https:\/\/grupogestiondidactica.cl\/catalogo\/wp-json\/wp\/v2\/product_cat?post=5267"},{"taxonomy":"product_tag","embeddable":true,"href":"https:\/\/grupogestiondidactica.cl\/catalogo\/wp-json\/wp\/v2\/product_tag?post=5267"}],"curies":[{"name":"wp","href":"https:\/\/api.w.org\/{rel}","templated":true}]}}