{"id":5268,"date":"2025-03-17T20:16:03","date_gmt":"2025-03-17T20:16:03","guid":{"rendered":"https:\/\/grupogestiondidactica.cl\/catalogo\/?post_type=product&#038;p=5268"},"modified":"2025-10-11T02:26:09","modified_gmt":"2025-10-11T02:26:09","slug":"inclusion-y-manejo-de-ninos-y-adolescentes-con-trastornos-del-espectro-autista-tea","status":"publish","type":"product","link":"https:\/\/grupogestiondidactica.cl\/catalogo\/producto\/inclusion-y-manejo-de-ninos-y-adolescentes-con-trastornos-del-espectro-autista-tea\/","title":{"rendered":"Inclusi\u00f3n y Manejo de Ni\u00f1os y Adolescentes con Trastornos del Espectro Autista (TEA)"},"content":{"rendered":"<p>Desarrolla estrategias efectivas para la inclusi\u00f3n educativa de ni\u00f1os y adolescentes con TEA. Aprende sobre sus caracter\u00edsticas, necesidades y metodolog\u00edas de ense\u00f1anza adaptadas, promoviendo un entorno escolar m\u00e1s accesible y comprensivo.<\/p>\n","protected":false},"excerpt":{"rendered":"<p>Desarrolla estrategias efectivas para la inclusi\u00f3n educativa de ni\u00f1os y adolescentes con TEA. Aprende sobre sus caracter\u00edsticas, necesidades y metodolog\u00edas&#8230;<\/p>\n","protected":false},"featured_media":5385,"comment_status":"open","ping_status":"closed","template":"","meta":[],"product_brand":[],"product_cat":[39],"product_tag":[],"class_list":{"0":"post-5268","1":"product","2":"type-product","3":"status-publish","4":"has-post-thumbnail","6":"product_cat-e-learning","8":"first","9":"instock","10":"sale","11":"taxable","12":"shipping-taxable","13":"purchasable","14":"product-type-simple"},"jetpack_sharing_enabled":true,"_links":{"self":[{"href":"https:\/\/grupogestiondidactica.cl\/catalogo\/wp-json\/wp\/v2\/product\/5268","targetHints":{"allow":["GET"]}}],"collection":[{"href":"https:\/\/grupogestiondidactica.cl\/catalogo\/wp-json\/wp\/v2\/product"}],"about":[{"href":"https:\/\/grupogestiondidactica.cl\/catalogo\/wp-json\/wp\/v2\/types\/product"}],"replies":[{"embeddable":true,"href":"https:\/\/grupogestiondidactica.cl\/catalogo\/wp-json\/wp\/v2\/comments?post=5268"}],"wp:featuredmedia":[{"embeddable":true,"href":"https:\/\/grupogestiondidactica.cl\/catalogo\/wp-json\/wp\/v2\/media\/5385"}],"wp:attachment":[{"href":"https:\/\/grupogestiondidactica.cl\/catalogo\/wp-json\/wp\/v2\/media?parent=5268"}],"wp:term":[{"taxonomy":"product_brand","embeddable":true,"href":"https:\/\/grupogestiondidactica.cl\/catalogo\/wp-json\/wp\/v2\/product_brand?post=5268"},{"taxonomy":"product_cat","embeddable":true,"href":"https:\/\/grupogestiondidactica.cl\/catalogo\/wp-json\/wp\/v2\/product_cat?post=5268"},{"taxonomy":"product_tag","embeddable":true,"href":"https:\/\/grupogestiondidactica.cl\/catalogo\/wp-json\/wp\/v2\/product_tag?post=5268"}],"curies":[{"name":"wp","href":"https:\/\/api.w.org\/{rel}","templated":true}]}}