{"id":5271,"date":"2025-03-17T20:23:14","date_gmt":"2025-03-17T20:23:14","guid":{"rendered":"https:\/\/grupogestiondidactica.cl\/catalogo\/?post_type=product&#038;p=5271"},"modified":"2025-10-11T02:27:16","modified_gmt":"2025-10-11T02:27:16","slug":"convivencia-educativa-clima-escolar-y-resolucion-de-conflictos","status":"publish","type":"product","link":"https:\/\/grupogestiondidactica.cl\/catalogo\/producto\/convivencia-educativa-clima-escolar-y-resolucion-de-conflictos\/","title":{"rendered":"Convivencia Educativa, Clima Escolar y Resoluci\u00f3n de Conflictos"},"content":{"rendered":"<p>Desarrolla estrategias para mejorar la convivencia escolar y fortalecer el clima educativo. Aprende t\u00e9cnicas de resoluci\u00f3n de conflictos y promoci\u00f3n del respeto y la colaboraci\u00f3n en el aula.<\/p>\n","protected":false},"excerpt":{"rendered":"<p>Desarrolla estrategias para mejorar la convivencia escolar y fortalecer el clima educativo. Aprende t\u00e9cnicas de resoluci\u00f3n de conflictos y promoci\u00f3n&#8230;<\/p>\n","protected":false},"featured_media":5386,"comment_status":"open","ping_status":"closed","template":"","meta":[],"product_brand":[],"product_cat":[39],"product_tag":[],"class_list":{"0":"post-5271","1":"product","2":"type-product","3":"status-publish","4":"has-post-thumbnail","6":"product_cat-e-learning","8":"first","9":"instock","10":"sale","11":"taxable","12":"shipping-taxable","13":"purchasable","14":"product-type-simple"},"jetpack_sharing_enabled":true,"_links":{"self":[{"href":"https:\/\/grupogestiondidactica.cl\/catalogo\/wp-json\/wp\/v2\/product\/5271","targetHints":{"allow":["GET"]}}],"collection":[{"href":"https:\/\/grupogestiondidactica.cl\/catalogo\/wp-json\/wp\/v2\/product"}],"about":[{"href":"https:\/\/grupogestiondidactica.cl\/catalogo\/wp-json\/wp\/v2\/types\/product"}],"replies":[{"embeddable":true,"href":"https:\/\/grupogestiondidactica.cl\/catalogo\/wp-json\/wp\/v2\/comments?post=5271"}],"wp:featuredmedia":[{"embeddable":true,"href":"https:\/\/grupogestiondidactica.cl\/catalogo\/wp-json\/wp\/v2\/media\/5386"}],"wp:attachment":[{"href":"https:\/\/grupogestiondidactica.cl\/catalogo\/wp-json\/wp\/v2\/media?parent=5271"}],"wp:term":[{"taxonomy":"product_brand","embeddable":true,"href":"https:\/\/grupogestiondidactica.cl\/catalogo\/wp-json\/wp\/v2\/product_brand?post=5271"},{"taxonomy":"product_cat","embeddable":true,"href":"https:\/\/grupogestiondidactica.cl\/catalogo\/wp-json\/wp\/v2\/product_cat?post=5271"},{"taxonomy":"product_tag","embeddable":true,"href":"https:\/\/grupogestiondidactica.cl\/catalogo\/wp-json\/wp\/v2\/product_tag?post=5271"}],"curies":[{"name":"wp","href":"https:\/\/api.w.org\/{rel}","templated":true}]}}