{"id":5272,"date":"2025-03-17T20:26:02","date_gmt":"2025-03-17T20:26:02","guid":{"rendered":"https:\/\/grupogestiondidactica.cl\/catalogo\/?post_type=product&#038;p=5272"},"modified":"2025-09-25T03:18:50","modified_gmt":"2025-09-25T03:18:50","slug":"didactica-copisi-para-la-ensenanza-de-las-matematicas-para-primer-ciclo-basico-1-a-4-basico","status":"publish","type":"product","link":"https:\/\/grupogestiondidactica.cl\/catalogo\/producto\/didactica-copisi-para-la-ensenanza-de-las-matematicas-para-primer-ciclo-basico-1-a-4-basico\/","title":{"rendered":"Did\u00e1ctica COPISI para la Ense\u00f1anza de las Matem\u00e1ticas Para Primer Ciclo B\u00e1sico (1\u00b0 a 4\u00b0 B\u00e1sico)"},"content":{"rendered":"<p>Domina el enfoque COPISI y su aplicaci\u00f3n en la ense\u00f1anza de matem\u00e1ticas para el Primer Ciclo B\u00e1sico. Aprende metodolog\u00edas did\u00e1cticas innovadoras que fomentan la comprensi\u00f3n, el razonamiento l\u00f3gico y la resoluci\u00f3n de problemas en los estudiantes.<\/p>\n","protected":false},"excerpt":{"rendered":"<p>Domina el enfoque COPISI y su aplicaci\u00f3n en la ense\u00f1anza de matem\u00e1ticas para el Primer Ciclo B\u00e1sico. Aprende metodolog\u00edas did\u00e1cticas&#8230;<\/p>\n","protected":false},"featured_media":5378,"comment_status":"open","ping_status":"closed","template":"","meta":[],"product_brand":[],"product_cat":[39],"product_tag":[],"class_list":{"0":"post-5272","1":"product","2":"type-product","3":"status-publish","4":"has-post-thumbnail","6":"product_cat-e-learning","8":"first","9":"instock","10":"sale","11":"taxable","12":"shipping-taxable","13":"purchasable","14":"product-type-simple"},"jetpack_sharing_enabled":true,"_links":{"self":[{"href":"https:\/\/grupogestiondidactica.cl\/catalogo\/wp-json\/wp\/v2\/product\/5272","targetHints":{"allow":["GET"]}}],"collection":[{"href":"https:\/\/grupogestiondidactica.cl\/catalogo\/wp-json\/wp\/v2\/product"}],"about":[{"href":"https:\/\/grupogestiondidactica.cl\/catalogo\/wp-json\/wp\/v2\/types\/product"}],"replies":[{"embeddable":true,"href":"https:\/\/grupogestiondidactica.cl\/catalogo\/wp-json\/wp\/v2\/comments?post=5272"}],"wp:featuredmedia":[{"embeddable":true,"href":"https:\/\/grupogestiondidactica.cl\/catalogo\/wp-json\/wp\/v2\/media\/5378"}],"wp:attachment":[{"href":"https:\/\/grupogestiondidactica.cl\/catalogo\/wp-json\/wp\/v2\/media?parent=5272"}],"wp:term":[{"taxonomy":"product_brand","embeddable":true,"href":"https:\/\/grupogestiondidactica.cl\/catalogo\/wp-json\/wp\/v2\/product_brand?post=5272"},{"taxonomy":"product_cat","embeddable":true,"href":"https:\/\/grupogestiondidactica.cl\/catalogo\/wp-json\/wp\/v2\/product_cat?post=5272"},{"taxonomy":"product_tag","embeddable":true,"href":"https:\/\/grupogestiondidactica.cl\/catalogo\/wp-json\/wp\/v2\/product_tag?post=5272"}],"curies":[{"name":"wp","href":"https:\/\/api.w.org\/{rel}","templated":true}]}}