{"id":5273,"date":"2025-03-29T15:57:15","date_gmt":"2025-03-29T15:57:15","guid":{"rendered":"https:\/\/grupogestiondidactica.cl\/catalogo\/?post_type=product&#038;p=5273"},"modified":"2025-09-25T03:15:44","modified_gmt":"2025-09-25T03:15:44","slug":"aprendizaje-basado-en-proyectos-abp","status":"publish","type":"product","link":"https:\/\/grupogestiondidactica.cl\/catalogo\/producto\/aprendizaje-basado-en-proyectos-abp\/","title":{"rendered":"Aprendizaje Basado en Proyectos (ABP)"},"content":{"rendered":"<p>Explora el ABP como metodolog\u00eda para potenciar el aprendizaje activo en distintas \u00e1reas educativas. Dise\u00f1a proyectos que integren diversas disciplinas, fomentando la autonom\u00eda, la creatividad y la colaboraci\u00f3n entre los estudiantes.<\/p>\n","protected":false},"excerpt":{"rendered":"<p>Explora el ABP como metodolog\u00eda para potenciar el aprendizaje activo en distintas \u00e1reas educativas. Dise\u00f1a proyectos que integren diversas disciplinas,&#8230;<\/p>\n","protected":false},"featured_media":5375,"comment_status":"open","ping_status":"closed","template":"","meta":[],"product_brand":[],"product_cat":[15],"product_tag":[],"class_list":{"0":"post-5273","1":"product","2":"type-product","3":"status-publish","4":"has-post-thumbnail","6":"product_cat-sin-categorizar","8":"first","9":"instock","10":"sale","11":"taxable","12":"shipping-taxable","13":"purchasable","14":"product-type-simple"},"jetpack_sharing_enabled":true,"_links":{"self":[{"href":"https:\/\/grupogestiondidactica.cl\/catalogo\/wp-json\/wp\/v2\/product\/5273","targetHints":{"allow":["GET"]}}],"collection":[{"href":"https:\/\/grupogestiondidactica.cl\/catalogo\/wp-json\/wp\/v2\/product"}],"about":[{"href":"https:\/\/grupogestiondidactica.cl\/catalogo\/wp-json\/wp\/v2\/types\/product"}],"replies":[{"embeddable":true,"href":"https:\/\/grupogestiondidactica.cl\/catalogo\/wp-json\/wp\/v2\/comments?post=5273"}],"wp:featuredmedia":[{"embeddable":true,"href":"https:\/\/grupogestiondidactica.cl\/catalogo\/wp-json\/wp\/v2\/media\/5375"}],"wp:attachment":[{"href":"https:\/\/grupogestiondidactica.cl\/catalogo\/wp-json\/wp\/v2\/media?parent=5273"}],"wp:term":[{"taxonomy":"product_brand","embeddable":true,"href":"https:\/\/grupogestiondidactica.cl\/catalogo\/wp-json\/wp\/v2\/product_brand?post=5273"},{"taxonomy":"product_cat","embeddable":true,"href":"https:\/\/grupogestiondidactica.cl\/catalogo\/wp-json\/wp\/v2\/product_cat?post=5273"},{"taxonomy":"product_tag","embeddable":true,"href":"https:\/\/grupogestiondidactica.cl\/catalogo\/wp-json\/wp\/v2\/product_tag?post=5273"}],"curies":[{"name":"wp","href":"https:\/\/api.w.org\/{rel}","templated":true}]}}