{"id":5274,"date":"2025-03-20T23:04:15","date_gmt":"2025-03-20T23:04:15","guid":{"rendered":"https:\/\/grupogestiondidactica.cl\/catalogo\/?post_type=product&#038;p=5274"},"modified":"2025-09-25T03:17:38","modified_gmt":"2025-09-25T03:17:38","slug":"uso-de-material-concreto-para-la-ensenanza-de-las-matematicas-ed-parvularia-equipos-de-integracion-y-profesores","status":"publish","type":"product","link":"https:\/\/grupogestiondidactica.cl\/catalogo\/producto\/uso-de-material-concreto-para-la-ensenanza-de-las-matematicas-ed-parvularia-equipos-de-integracion-y-profesores\/","title":{"rendered":"Uso de Material Concreto para la Ense\u00f1anza de las Matem\u00e1ticas (Ed. Parvularia, Equipos de Integraci\u00f3n y Profesores)"},"content":{"rendered":"<p>Descubre la importancia del material concreto en la ense\u00f1anza de las matem\u00e1ticas. Aprende a utilizar recursos manipulativos para mejorar la comprensi\u00f3n de conceptos matem\u00e1ticos en educaci\u00f3n parvularia, equipos de integraci\u00f3n y docentes de aula.<\/p>\n","protected":false},"excerpt":{"rendered":"<p>Descubre la importancia del material concreto en la ense\u00f1anza de las matem\u00e1ticas. Aprende a utilizar recursos manipulativos para mejorar la&#8230;<\/p>\n","protected":false},"featured_media":5376,"comment_status":"open","ping_status":"closed","template":"","meta":[],"product_brand":[],"product_cat":[39],"product_tag":[],"class_list":{"0":"post-5274","1":"product","2":"type-product","3":"status-publish","4":"has-post-thumbnail","6":"product_cat-e-learning","8":"first","9":"instock","10":"sale","11":"taxable","12":"shipping-taxable","13":"purchasable","14":"product-type-simple"},"jetpack_sharing_enabled":true,"_links":{"self":[{"href":"https:\/\/grupogestiondidactica.cl\/catalogo\/wp-json\/wp\/v2\/product\/5274","targetHints":{"allow":["GET"]}}],"collection":[{"href":"https:\/\/grupogestiondidactica.cl\/catalogo\/wp-json\/wp\/v2\/product"}],"about":[{"href":"https:\/\/grupogestiondidactica.cl\/catalogo\/wp-json\/wp\/v2\/types\/product"}],"replies":[{"embeddable":true,"href":"https:\/\/grupogestiondidactica.cl\/catalogo\/wp-json\/wp\/v2\/comments?post=5274"}],"wp:featuredmedia":[{"embeddable":true,"href":"https:\/\/grupogestiondidactica.cl\/catalogo\/wp-json\/wp\/v2\/media\/5376"}],"wp:attachment":[{"href":"https:\/\/grupogestiondidactica.cl\/catalogo\/wp-json\/wp\/v2\/media?parent=5274"}],"wp:term":[{"taxonomy":"product_brand","embeddable":true,"href":"https:\/\/grupogestiondidactica.cl\/catalogo\/wp-json\/wp\/v2\/product_brand?post=5274"},{"taxonomy":"product_cat","embeddable":true,"href":"https:\/\/grupogestiondidactica.cl\/catalogo\/wp-json\/wp\/v2\/product_cat?post=5274"},{"taxonomy":"product_tag","embeddable":true,"href":"https:\/\/grupogestiondidactica.cl\/catalogo\/wp-json\/wp\/v2\/product_tag?post=5274"}],"curies":[{"name":"wp","href":"https:\/\/api.w.org\/{rel}","templated":true}]}}