{"id":5287,"date":"2025-04-28T20:25:54","date_gmt":"2025-04-28T20:25:54","guid":{"rendered":"https:\/\/grupogestiondidactica.cl\/catalogo\/?post_type=product&#038;p=5287"},"modified":"2025-09-25T03:14:23","modified_gmt":"2025-09-25T03:14:23","slug":"didactica-copisi-para-la-ensenanza-de-las-matematicas","status":"publish","type":"product","link":"https:\/\/grupogestiondidactica.cl\/catalogo\/producto\/didactica-copisi-para-la-ensenanza-de-las-matematicas\/","title":{"rendered":"Did\u00e1ctica COPISI para la Ense\u00f1anza de las Matem\u00e1ticas"},"content":{"rendered":"<p><strong>Informaci\u00f3n del Programa<\/strong><br \/>\nEntregar herramientas para el dise\u00f1o de clases en la asignatura de matem\u00e1ticas de acuerdo a la metodolog\u00eda Concreta, Pict\u00f3rica y Simb\u00f3lica para el desarrollo de los tres planos cognitivos que favorezca la implicaci\u00f3n a trav\u00e9s de los distintos tipos de aprendizaje.<\/p>\n","protected":false},"excerpt":{"rendered":"<p>Una propuesta pedag\u00f3gica centrada en el uso de material concreto para potenciar el pensamiento l\u00f3gico-matem\u00e1tico desde la primera infancia.<\/p>\n","protected":false},"featured_media":5374,"comment_status":"open","ping_status":"closed","template":"","meta":[],"product_brand":[],"product_cat":[38],"product_tag":[],"class_list":{"0":"post-5287","1":"product","2":"type-product","3":"status-publish","4":"has-post-thumbnail","6":"product_cat-programa","8":"first","9":"instock","10":"sale","11":"taxable","12":"shipping-taxable","13":"purchasable","14":"product-type-simple"},"jetpack_sharing_enabled":true,"_links":{"self":[{"href":"https:\/\/grupogestiondidactica.cl\/catalogo\/wp-json\/wp\/v2\/product\/5287","targetHints":{"allow":["GET"]}}],"collection":[{"href":"https:\/\/grupogestiondidactica.cl\/catalogo\/wp-json\/wp\/v2\/product"}],"about":[{"href":"https:\/\/grupogestiondidactica.cl\/catalogo\/wp-json\/wp\/v2\/types\/product"}],"replies":[{"embeddable":true,"href":"https:\/\/grupogestiondidactica.cl\/catalogo\/wp-json\/wp\/v2\/comments?post=5287"}],"wp:featuredmedia":[{"embeddable":true,"href":"https:\/\/grupogestiondidactica.cl\/catalogo\/wp-json\/wp\/v2\/media\/5374"}],"wp:attachment":[{"href":"https:\/\/grupogestiondidactica.cl\/catalogo\/wp-json\/wp\/v2\/media?parent=5287"}],"wp:term":[{"taxonomy":"product_brand","embeddable":true,"href":"https:\/\/grupogestiondidactica.cl\/catalogo\/wp-json\/wp\/v2\/product_brand?post=5287"},{"taxonomy":"product_cat","embeddable":true,"href":"https:\/\/grupogestiondidactica.cl\/catalogo\/wp-json\/wp\/v2\/product_cat?post=5287"},{"taxonomy":"product_tag","embeddable":true,"href":"https:\/\/grupogestiondidactica.cl\/catalogo\/wp-json\/wp\/v2\/product_tag?post=5287"}],"curies":[{"name":"wp","href":"https:\/\/api.w.org\/{rel}","templated":true}]}}