{"id":5305,"date":"2025-05-31T16:33:46","date_gmt":"2025-05-31T16:33:46","guid":{"rendered":"https:\/\/grupogestiondidactica.cl\/catalogo\/?post_type=product&#038;p=5305"},"modified":"2025-05-31T16:33:46","modified_gmt":"2025-05-31T16:33:46","slug":"diploma-manejo-y-abordaje-de-nins-y-jovenes-en-condicion-autista","status":"publish","type":"product","link":"https:\/\/grupogestiondidactica.cl\/catalogo\/producto\/diploma-manejo-y-abordaje-de-nins-y-jovenes-en-condicion-autista\/","title":{"rendered":"Diploma: Manejo y Abordaje de Ni\u00f1@s y J\u00f3venes en Condici\u00f3n Autista"},"content":{"rendered":"<p>Adquiere herramientas para atender las necesidades espec\u00edficas de estudiantes con TEA y promover su inclusi\u00f3n efectiva.<\/p>\n","protected":false},"excerpt":{"rendered":"<p>Adquiere herramientas para atender las necesidades espec\u00edficas de estudiantes con TEA y promover su inclusi\u00f3n efectiva.<\/p>\n","protected":false},"featured_media":5308,"comment_status":"open","ping_status":"closed","template":"","meta":[],"product_brand":[],"product_cat":[38],"product_tag":[],"class_list":{"0":"post-5305","1":"product","2":"type-product","3":"status-publish","4":"has-post-thumbnail","6":"product_cat-programa","8":"first","9":"instock","10":"sale","11":"taxable","12":"shipping-taxable","13":"purchasable","14":"product-type-simple"},"jetpack_sharing_enabled":true,"_links":{"self":[{"href":"https:\/\/grupogestiondidactica.cl\/catalogo\/wp-json\/wp\/v2\/product\/5305","targetHints":{"allow":["GET"]}}],"collection":[{"href":"https:\/\/grupogestiondidactica.cl\/catalogo\/wp-json\/wp\/v2\/product"}],"about":[{"href":"https:\/\/grupogestiondidactica.cl\/catalogo\/wp-json\/wp\/v2\/types\/product"}],"replies":[{"embeddable":true,"href":"https:\/\/grupogestiondidactica.cl\/catalogo\/wp-json\/wp\/v2\/comments?post=5305"}],"wp:featuredmedia":[{"embeddable":true,"href":"https:\/\/grupogestiondidactica.cl\/catalogo\/wp-json\/wp\/v2\/media\/5308"}],"wp:attachment":[{"href":"https:\/\/grupogestiondidactica.cl\/catalogo\/wp-json\/wp\/v2\/media?parent=5305"}],"wp:term":[{"taxonomy":"product_brand","embeddable":true,"href":"https:\/\/grupogestiondidactica.cl\/catalogo\/wp-json\/wp\/v2\/product_brand?post=5305"},{"taxonomy":"product_cat","embeddable":true,"href":"https:\/\/grupogestiondidactica.cl\/catalogo\/wp-json\/wp\/v2\/product_cat?post=5305"},{"taxonomy":"product_tag","embeddable":true,"href":"https:\/\/grupogestiondidactica.cl\/catalogo\/wp-json\/wp\/v2\/product_tag?post=5305"}],"curies":[{"name":"wp","href":"https:\/\/api.w.org\/{rel}","templated":true}]}}